{"id":841,"date":"2024-12-17T13:05:12","date_gmt":"2024-12-17T12:05:12","guid":{"rendered":"https:\/\/gonzalezecrespanavogados.com\/sobre-nosotros\/"},"modified":"2024-12-27T11:37:11","modified_gmt":"2024-12-27T10:37:11","slug":"sobre-nosotros","status":"publish","type":"page","link":"https:\/\/gonzalezecrespanavogados.com\/es\/sobre-nosotros\/","title":{"rendered":"Sobre nosotros"},"content":{"rendered":"\t\t<div data-elementor-type=\"wp-page\" data-elementor-id=\"841\" class=\"elementor elementor-841 elementor-822\" data-elementor-post-type=\"page\">\n\t\t\t\t\t\t<section class=\"elementor-section elementor-top-section elementor-element elementor-element-7365a82 elementor-section-boxed elementor-section-height-default elementor-section-height-default\" data-id=\"7365a82\" data-element_type=\"section\" data-e-type=\"section\" data-settings=\"{&quot;background_background&quot;:&quot;classic&quot;}\">\n\t\t\t\t\t\t\t<div class=\"elementor-background-overlay\"><\/div>\n\t\t\t\t\t\t\t<div class=\"elementor-container elementor-column-gap-default\">\n\t\t\t\t\t<div class=\"elementor-column elementor-col-100 elementor-top-column elementor-element elementor-element-5caddba5\" data-id=\"5caddba5\" data-element_type=\"column\" data-e-type=\"column\">\n\t\t\t<div class=\"elementor-widget-wrap elementor-element-populated\">\n\t\t\t\t\t\t<div class=\"elementor-element elementor-element-522045da elementor-widget elementor-widget-heading\" data-id=\"522045da\" data-element_type=\"widget\" data-e-type=\"widget\" data-widget_type=\"heading.default\">\n\t\t\t\t<div class=\"elementor-widget-container\">\n\t\t\t\t\t<h1 class=\"elementor-heading-title elementor-size-default\">Sobre nosotros<\/h1>\t\t\t\t<\/div>\n\t\t\t\t<\/div>\n\t\t\t\t\t<\/div>\n\t\t<\/div>\n\t\t\t\t\t<\/div>\n\t\t<\/section>\n\t\t\t\t<section class=\"elementor-section elementor-top-section elementor-element elementor-element-3d8a804 elementor-section-content-middle elementor-section-boxed elementor-section-height-default elementor-section-height-default\" data-id=\"3d8a804\" data-element_type=\"section\" data-e-type=\"section\" data-settings=\"{&quot;background_background&quot;:&quot;classic&quot;}\">\n\t\t\t\t\t\t<div class=\"elementor-container elementor-column-gap-default\">\n\t\t\t\t\t<div class=\"elementor-column elementor-col-50 elementor-top-column elementor-element elementor-element-b46414b elementor-invisible\" data-id=\"b46414b\" data-element_type=\"column\" data-e-type=\"column\" data-settings=\"{&quot;animation&quot;:&quot;fadeInLeft&quot;}\">\n\t\t\t<div class=\"elementor-widget-wrap elementor-element-populated\">\n\t\t\t\t\t\t<div class=\"elementor-element elementor-element-e93f44c elementor-widget elementor-widget-heading\" data-id=\"e93f44c\" data-element_type=\"widget\" data-e-type=\"widget\" data-widget_type=\"heading.default\">\n\t\t\t\t<div class=\"elementor-widget-container\">\n\t\t\t\t\t<h6 class=\"elementor-heading-title elementor-size-default\">Gonz\u00e1lez y Cresp\u00e1n abogados<\/h6>\t\t\t\t<\/div>\n\t\t\t\t<\/div>\n\t\t\t\t<div class=\"elementor-element elementor-element-9881a38 elementor-widget elementor-widget-heading\" data-id=\"9881a38\" data-element_type=\"widget\" data-e-type=\"widget\" data-widget_type=\"heading.default\">\n\t\t\t\t<div class=\"elementor-widget-container\">\n\t\t\t\t\t<h2 class=\"elementor-heading-title elementor-size-default\">Profesionalidad y confianza<\/h2>\t\t\t\t<\/div>\n\t\t\t\t<\/div>\n\t\t\t\t<div class=\"elementor-element elementor-element-3ec30e9 elementor-widget elementor-widget-text-editor\" data-id=\"3ec30e9\" data-element_type=\"widget\" data-e-type=\"widget\" data-widget_type=\"text-editor.default\">\n\t\t\t\t<div class=\"elementor-widget-container\">\n\t\t\t\t\t\t\t\t\t<p>Es muy importante asesorarse antes de dar cualquier paso relevante en la vida, ya que la informaci\u00f3n y el apoyo de profesionales pueden evitar interminables y muy costosos procedimientos judiciales o, en otro caso, facilitarle una soluci\u00f3n m\u00e1s favorable. Por eso, no dudes en contactar con nosotros antes de tomar cualquier decisi\u00f3n, podemos ayudarte a tomar una mejor elecci\u00f3n. <\/p>\n\t\t\t\t\t\t\t\t<\/div>\n\t\t\t\t<\/div>\n\t\t\t\t\t<\/div>\n\t\t<\/div>\n\t\t\t\t<div class=\"elementor-column elementor-col-50 elementor-top-column elementor-element elementor-element-00495d4 elementor-invisible\" data-id=\"00495d4\" data-element_type=\"column\" data-e-type=\"column\" data-settings=\"{&quot;animation&quot;:&quot;fadeInRight&quot;}\">\n\t\t\t<div class=\"elementor-widget-wrap elementor-element-populated\">\n\t\t\t\t\t\t<div class=\"elementor-element elementor-element-77a2709 elementor-widget elementor-widget-image\" data-id=\"77a2709\" data-element_type=\"widget\" data-e-type=\"widget\" data-widget_type=\"image.default\">\n\t\t\t\t<div class=\"elementor-widget-container\">\n\t\t\t\t\t\t\t\t\t\t\t\t\t\t\t<img fetchpriority=\"high\" decoding=\"async\" width=\"1280\" height=\"850\" src=\"https:\/\/gonzalezecrespanavogados.com\/wp-content\/uploads\/2024\/12\/derecho-penal.jpg\" class=\"attachment-full size-full wp-image-602\" alt=\"Derecho penal - Avogados en Pontevedra\" srcset=\"https:\/\/gonzalezecrespanavogados.com\/wp-content\/uploads\/2024\/12\/derecho-penal.jpg 1280w, https:\/\/gonzalezecrespanavogados.com\/wp-content\/uploads\/2024\/12\/derecho-penal-300x199.jpg 300w, https:\/\/gonzalezecrespanavogados.com\/wp-content\/uploads\/2024\/12\/derecho-penal-1024x680.jpg 1024w, https:\/\/gonzalezecrespanavogados.com\/wp-content\/uploads\/2024\/12\/derecho-penal-768x510.jpg 768w\" sizes=\"(max-width: 1280px) 100vw, 1280px\" \/>\t\t\t\t\t\t\t\t\t\t\t\t\t\t\t<\/div>\n\t\t\t\t<\/div>\n\t\t\t\t\t<\/div>\n\t\t<\/div>\n\t\t\t\t\t<\/div>\n\t\t<\/section>\n\t\t\t\t<section class=\"elementor-section elementor-top-section elementor-element elementor-element-1bea42e0 elementor-section-boxed elementor-section-height-default elementor-section-height-default\" data-id=\"1bea42e0\" data-element_type=\"section\" data-e-type=\"section\" data-settings=\"{&quot;background_background&quot;:&quot;classic&quot;}\">\n\t\t\t\t\t\t<div class=\"elementor-container elementor-column-gap-default\">\n\t\t\t\t\t<div class=\"elementor-column elementor-col-50 elementor-top-column elementor-element elementor-element-27a76fa1 elementor-invisible\" data-id=\"27a76fa1\" data-element_type=\"column\" data-e-type=\"column\" data-settings=\"{&quot;animation&quot;:&quot;fadeInDown&quot;}\">\n\t\t\t<div class=\"elementor-widget-wrap elementor-element-populated\">\n\t\t\t\t\t\t<div class=\"elementor-element elementor-element-4bf136fc elementor-widget elementor-widget-image\" data-id=\"4bf136fc\" data-element_type=\"widget\" data-e-type=\"widget\" data-widget_type=\"image.default\">\n\t\t\t\t<div class=\"elementor-widget-container\">\n\t\t\t\t\t\t\t\t\t\t\t\t\t\t\t<img decoding=\"async\" width=\"942\" height=\"1600\" src=\"https:\/\/gonzalezecrespanavogados.com\/wp-content\/uploads\/2024\/11\/P1090233.jpg\" class=\"attachment-full size-full wp-image-552\" alt=\"MARTA ISABEL GONZ\u00c1LEZ ALONSO\" srcset=\"https:\/\/gonzalezecrespanavogados.com\/wp-content\/uploads\/2024\/11\/P1090233.jpg 942w, https:\/\/gonzalezecrespanavogados.com\/wp-content\/uploads\/2024\/11\/P1090233-177x300.jpg 177w, https:\/\/gonzalezecrespanavogados.com\/wp-content\/uploads\/2024\/11\/P1090233-603x1024.jpg 603w, https:\/\/gonzalezecrespanavogados.com\/wp-content\/uploads\/2024\/11\/P1090233-768x1304.jpg 768w, https:\/\/gonzalezecrespanavogados.com\/wp-content\/uploads\/2024\/11\/P1090233-904x1536.jpg 904w\" sizes=\"(max-width: 942px) 100vw, 942px\" \/>\t\t\t\t\t\t\t\t\t\t\t\t\t\t\t<\/div>\n\t\t\t\t<\/div>\n\t\t\t\t\t<\/div>\n\t\t<\/div>\n\t\t\t\t<div class=\"elementor-column elementor-col-50 elementor-top-column elementor-element elementor-element-5da30c41 elementor-invisible\" data-id=\"5da30c41\" data-element_type=\"column\" data-e-type=\"column\" data-settings=\"{&quot;animation&quot;:&quot;fadeInRight&quot;}\">\n\t\t\t<div class=\"elementor-widget-wrap elementor-element-populated\">\n\t\t\t\t\t\t<div class=\"elementor-element elementor-element-1243ab52 elementor-widget elementor-widget-heading\" data-id=\"1243ab52\" data-element_type=\"widget\" data-e-type=\"widget\" data-widget_type=\"heading.default\">\n\t\t\t\t<div class=\"elementor-widget-container\">\n\t\t\t\t\t<h6 class=\"elementor-heading-title elementor-size-default\">CURRICULUM VITAE<\/h6>\t\t\t\t<\/div>\n\t\t\t\t<\/div>\n\t\t\t\t<div class=\"elementor-element elementor-element-7b658228 elementor-widget elementor-widget-heading\" data-id=\"7b658228\" data-element_type=\"widget\" data-e-type=\"widget\" data-widget_type=\"heading.default\">\n\t\t\t\t<div class=\"elementor-widget-container\">\n\t\t\t\t\t<h2 class=\"elementor-heading-title elementor-size-default\">MARTA ISABEL GONZ\u00c1LEZ ALONSO\n<\/h2>\t\t\t\t<\/div>\n\t\t\t\t<\/div>\n\t\t\t\t<div class=\"elementor-element elementor-element-ea330c1 elementor-widget elementor-widget-text-editor\" data-id=\"ea330c1\" data-element_type=\"widget\" data-e-type=\"widget\" data-widget_type=\"text-editor.default\">\n\t\t\t\t<div class=\"elementor-widget-container\">\n\t\t\t\t\t\t\t\t\t<p><span style=\"font-weight: 400;\">Licenciada en Derecho por la Universidad de A Coru\u00f1a, pertenece al Ilustre Colegio de la Abogac\u00eda de Vigo desde junio de 1998, ejerciendo la profesi\u00f3n de manera particular desde entonces.<\/span><\/p>\n<p><span style=\"font-weight: 400;\">Presta servicio tambi\u00e9n en el turno de oficio a aquellas personas que carecen de recursos suficientes, en las mismas especialidades que de forma privada: derecho civil, derecho de familia y en el turno especial de v\u00edctimas de violencia de g\u00e9nero.<\/span><\/p>\n<p><span style=\"font-weight: 400;\">Desde el a\u00f1o 2013 est\u00e1 acreditada como mediadora familiar en el Registro de Mediadores de la Xunta de Galicia, y buena parte de su trabajo en el sector del derecho de familia se desarrolla en ese \u00e1mbito.<\/span><\/p>\n<p><span style=\"font-weight: 400;\">Entre la numerosa formaci\u00f3n realizada durante estos a\u00f1os para estar permanentemente actualizada, destacan los siguientes cursos:<\/span><\/p>\n<ul>\n<li style=\"font-weight: 400;\" aria-level=\"1\"><span style=\"font-weight: 400;\">2001-2002 Curso Superior en Derecho de Familia, Universidad de Santiago de Compostela.<\/span><\/li>\n<li style=\"font-weight: 400;\" aria-level=\"1\"><span style=\"font-weight: 400;\">2013, Curso de Especialista en Mediaci\u00f3n Civil-Mercantil, impartido por Thomson Reuters Aranzadi.<\/span><\/li>\n<li style=\"font-weight: 400;\" aria-level=\"1\"><span style=\"font-weight: 400;\">2013, Curso de Mediaci\u00f3n Civil, Mercantil y Familiar para Abogados, impartido por la Universidad de Vigo y el Ilustre Colegio de la Abogac\u00eda de Vigo.<\/span><\/li>\n<li style=\"font-weight: 400;\" aria-level=\"1\"><span style=\"font-weight: 400;\">2017, Curso de Violencia sobre la Mujer, impartido por el Consejo de la Abogac\u00eda Gallega.<\/span><\/li>\n<li style=\"font-weight: 400;\" aria-level=\"1\"><span style=\"font-weight: 400;\">Asiste regularmente, desde el a\u00f1o 2015 hasta la actualidad, a las Jornadas de Derecho de Familia organizadas por el Consejo de la Abogac\u00eda Gallega, la Asociaci\u00f3n Espa\u00f1ola de Abogados de Familia y el Ilustre Colegio Provincial de Abogados de A Coru\u00f1a, que se celebran con periodicidad anual.<\/span><\/li>\n<\/ul>\n\t\t\t\t\t\t\t\t<\/div>\n\t\t\t\t<\/div>\n\t\t\t\t\t<\/div>\n\t\t<\/div>\n\t\t\t\t\t<\/div>\n\t\t<\/section>\n\t\t\t\t<section class=\"elementor-section elementor-top-section elementor-element elementor-element-eb76fcf elementor-reverse-tablet elementor-reverse-mobile elementor-section-boxed elementor-section-height-default elementor-section-height-default\" data-id=\"eb76fcf\" data-element_type=\"section\" data-e-type=\"section\" data-settings=\"{&quot;background_background&quot;:&quot;classic&quot;}\">\n\t\t\t\t\t\t<div class=\"elementor-container elementor-column-gap-default\">\n\t\t\t\t\t<div class=\"elementor-column elementor-col-50 elementor-top-column elementor-element elementor-element-c5030cd elementor-invisible\" data-id=\"c5030cd\" data-element_type=\"column\" data-e-type=\"column\" data-settings=\"{&quot;animation&quot;:&quot;fadeInRight&quot;}\">\n\t\t\t<div class=\"elementor-widget-wrap elementor-element-populated\">\n\t\t\t\t\t\t<div class=\"elementor-element elementor-element-f897751 elementor-widget elementor-widget-heading\" data-id=\"f897751\" data-element_type=\"widget\" data-e-type=\"widget\" data-widget_type=\"heading.default\">\n\t\t\t\t<div class=\"elementor-widget-container\">\n\t\t\t\t\t<h6 class=\"elementor-heading-title elementor-size-default\">CURRICULUM VITAE<\/h6>\t\t\t\t<\/div>\n\t\t\t\t<\/div>\n\t\t\t\t<div class=\"elementor-element elementor-element-cd07dde elementor-widget elementor-widget-heading\" data-id=\"cd07dde\" data-element_type=\"widget\" data-e-type=\"widget\" data-widget_type=\"heading.default\">\n\t\t\t\t<div class=\"elementor-widget-container\">\n\t\t\t\t\t<h2 class=\"elementor-heading-title elementor-size-default\">FERNANDO CRESP\u00c1N CONDE\n<\/h2>\t\t\t\t<\/div>\n\t\t\t\t<\/div>\n\t\t\t\t<div class=\"elementor-element elementor-element-5aa034d elementor-widget elementor-widget-text-editor\" data-id=\"5aa034d\" data-element_type=\"widget\" data-e-type=\"widget\" data-widget_type=\"text-editor.default\">\n\t\t\t\t<div class=\"elementor-widget-container\">\n\t\t\t\t\t\t\t\t\t<div class=\"flex-shrink-0 flex flex-col relative items-end\">\n<div class=\"pt-0\">\n<div class=\"gizmo-bot-avatar flex h-8 w-8 items-center justify-center overflow-hidden rounded-full\">\n<div class=\"relative p-1 rounded-sm flex items-center justify-center bg-token-main-surface-primary text-token-text-primary h-8 w-8\">\n<p>Miembro ejerciente del \u201cIlustre Colegio de la Abogac\u00eda de Vigo\u201d desde el a\u00f1o 1992, habiendo desarrollado mi actividad profesional en diversos despachos de Vigo, con dedicaci\u00f3n especial al Derecho Administrativo (principalmente Sancionador), al Derecho Penal y al Derecho Civil y de Familia.<\/p>\n<p>Firme defensor de los procedimiento negociadores, como herramienta para la soluci\u00f3n de cualquier problema, figuro Inscrito en el Registro de Mediadores de Familia de la Xunta de Galicia desde el a\u00f1o 2003 y en el del Colegio de la Abogac\u00eda de Vigo, para los \u00e1mbitos civil y mercantil, desde su creaci\u00f3n.<\/p>\n<p>Entiendo que la actividad profesional a la que me dedico necesita de un constante reciclaje, por lo que frecuentemente realizo cursos de formaci\u00f3n con el fin de actualizar mis conocimientos y ofrecer soluciones actuales a mis clientes.<\/p>\n<p>Convencido de la importancia del derecho a la defensa de todo ser humano, con independencia de sus circunstancias personales, presto asistencia en el turno de oficio en asuntos de car\u00e1cter civil, matrimonial, penal y administrativo desde el a\u00f1o 1995.<\/p>\n<\/div>\n<\/div>\n<\/div>\n<\/div>\n\t\t\t\t\t\t\t\t<\/div>\n\t\t\t\t<\/div>\n\t\t\t\t\t<\/div>\n\t\t<\/div>\n\t\t\t\t<div class=\"elementor-column elementor-col-50 elementor-top-column elementor-element elementor-element-1aca82b elementor-invisible\" data-id=\"1aca82b\" data-element_type=\"column\" data-e-type=\"column\" data-settings=\"{&quot;animation&quot;:&quot;fadeInDown&quot;}\">\n\t\t\t<div class=\"elementor-widget-wrap elementor-element-populated\">\n\t\t\t\t\t\t<div class=\"elementor-element elementor-element-b406848 elementor-widget elementor-widget-image\" data-id=\"b406848\" data-element_type=\"widget\" data-e-type=\"widget\" data-widget_type=\"image.default\">\n\t\t\t\t<div class=\"elementor-widget-container\">\n\t\t\t\t\t\t\t\t\t\t\t\t\t\t\t<img decoding=\"async\" width=\"900\" height=\"1600\" src=\"https:\/\/gonzalezecrespanavogados.com\/wp-content\/uploads\/2024\/11\/P1090239.jpg\" class=\"attachment-full size-full wp-image-550\" alt=\"\" srcset=\"https:\/\/gonzalezecrespanavogados.com\/wp-content\/uploads\/2024\/11\/P1090239.jpg 900w, https:\/\/gonzalezecrespanavogados.com\/wp-content\/uploads\/2024\/11\/P1090239-169x300.jpg 169w, https:\/\/gonzalezecrespanavogados.com\/wp-content\/uploads\/2024\/11\/P1090239-576x1024.jpg 576w, https:\/\/gonzalezecrespanavogados.com\/wp-content\/uploads\/2024\/11\/P1090239-768x1365.jpg 768w, https:\/\/gonzalezecrespanavogados.com\/wp-content\/uploads\/2024\/11\/P1090239-864x1536.jpg 864w\" sizes=\"(max-width: 900px) 100vw, 900px\" \/>\t\t\t\t\t\t\t\t\t\t\t\t\t\t\t<\/div>\n\t\t\t\t<\/div>\n\t\t\t\t\t<\/div>\n\t\t<\/div>\n\t\t\t\t\t<\/div>\n\t\t<\/section>\n\t\t\t\t<\/div>\n\t\t","protected":false},"excerpt":{"rendered":"<p>Gonz\u00e1lez y Cresp\u00e1n abogados Profesionalidad y confianza Es muy importante asesorarse antes de dar cualquier paso relevante en la vida, ya que la informaci\u00f3n y el apoyo de profesionales pueden evitar interminables y muy costosos procedimientos judiciales o, en otro caso, facilitarle una soluci\u00f3n m\u00e1s favorable. Por eso, no dudes en contactar con nosotros antes [&hellip;]<\/p>\n","protected":false},"author":1,"featured_media":0,"parent":0,"menu_order":0,"comment_status":"closed","ping_status":"closed","template":"","meta":{"footnotes":""},"class_list":["post-841","page","type-page","status-publish","hentry"],"yoast_head":"<!-- This site is optimized with the Yoast SEO plugin v26.2 - https:\/\/yoast.com\/wordpress\/plugins\/seo\/ -->\n<title>Gonz\u00e1lez e Cresp\u00e1n Abogados - Nuestro Curriculum<\/title>\n<meta name=\"description\" content=\"Miembros del Ilustre Colegio de la Abogac\u00eda de Vigo. Servicios de turno de oficio y defensa integral. Formaci\u00f3n constante y compromiso.\" \/>\n<meta name=\"robots\" content=\"index, follow, max-snippet:-1, max-image-preview:large, max-video-preview:-1\" \/>\n<link rel=\"canonical\" href=\"https:\/\/gonzalezecrespanavogados.com\/es\/sobre-nosotros\/\" \/>\n<meta property=\"og:locale\" content=\"es_ES\" \/>\n<meta property=\"og:type\" content=\"article\" \/>\n<meta property=\"og:title\" content=\"Gonz\u00e1lez e Cresp\u00e1n Abogados - Nuestro Curriculum\" \/>\n<meta property=\"og:description\" content=\"Miembros del Ilustre Colegio de la Abogac\u00eda de Vigo. Servicios de turno de oficio y defensa integral. Formaci\u00f3n constante y compromiso.\" \/>\n<meta property=\"og:url\" content=\"https:\/\/gonzalezecrespanavogados.com\/es\/sobre-nosotros\/\" \/>\n<meta property=\"og:site_name\" content=\"Gonzalez Crespan Avogados\" \/>\n<meta property=\"article:modified_time\" content=\"2024-12-27T10:37:11+00:00\" \/>\n<meta property=\"og:image\" content=\"https:\/\/gonzalezecrespanavogados.com\/wp-content\/uploads\/2024\/12\/derecho-penal.jpg\" \/>\n\t<meta property=\"og:image:width\" content=\"1280\" \/>\n\t<meta property=\"og:image:height\" content=\"850\" \/>\n\t<meta property=\"og:image:type\" content=\"image\/jpeg\" \/>\n<meta name=\"twitter:card\" content=\"summary_large_image\" \/>\n<meta name=\"twitter:label1\" content=\"Tiempo de lectura\" \/>\n\t<meta name=\"twitter:data1\" content=\"3 minutos\" \/>\n<script type=\"application\/ld+json\" class=\"yoast-schema-graph\">{\"@context\":\"https:\/\/schema.org\",\"@graph\":[{\"@type\":\"WebPage\",\"@id\":\"https:\/\/gonzalezecrespanavogados.com\/es\/sobre-nosotros\/\",\"url\":\"https:\/\/gonzalezecrespanavogados.com\/es\/sobre-nosotros\/\",\"name\":\"Gonz\u00e1lez e Cresp\u00e1n Abogados - Nuestro Curriculum\",\"isPartOf\":{\"@id\":\"https:\/\/gonzalezecrespanavogados.com\/es\/#website\"},\"primaryImageOfPage\":{\"@id\":\"https:\/\/gonzalezecrespanavogados.com\/es\/sobre-nosotros\/#primaryimage\"},\"image\":{\"@id\":\"https:\/\/gonzalezecrespanavogados.com\/es\/sobre-nosotros\/#primaryimage\"},\"thumbnailUrl\":\"https:\/\/gonzalezecrespanavogados.com\/wp-content\/uploads\/2024\/12\/derecho-penal.jpg\",\"datePublished\":\"2024-12-17T12:05:12+00:00\",\"dateModified\":\"2024-12-27T10:37:11+00:00\",\"description\":\"Miembros del Ilustre Colegio de la Abogac\u00eda de Vigo. Servicios de turno de oficio y defensa integral. Formaci\u00f3n constante y compromiso.\",\"breadcrumb\":{\"@id\":\"https:\/\/gonzalezecrespanavogados.com\/es\/sobre-nosotros\/#breadcrumb\"},\"inLanguage\":\"es\",\"potentialAction\":[{\"@type\":\"ReadAction\",\"target\":[\"https:\/\/gonzalezecrespanavogados.com\/es\/sobre-nosotros\/\"]}]},{\"@type\":\"ImageObject\",\"inLanguage\":\"es\",\"@id\":\"https:\/\/gonzalezecrespanavogados.com\/es\/sobre-nosotros\/#primaryimage\",\"url\":\"https:\/\/gonzalezecrespanavogados.com\/wp-content\/uploads\/2024\/12\/derecho-penal.jpg\",\"contentUrl\":\"https:\/\/gonzalezecrespanavogados.com\/wp-content\/uploads\/2024\/12\/derecho-penal.jpg\"},{\"@type\":\"BreadcrumbList\",\"@id\":\"https:\/\/gonzalezecrespanavogados.com\/es\/sobre-nosotros\/#breadcrumb\",\"itemListElement\":[{\"@type\":\"ListItem\",\"position\":1,\"name\":\"Inicio\",\"item\":\"https:\/\/gonzalezecrespanavogados.com\/es\/\"},{\"@type\":\"ListItem\",\"position\":2,\"name\":\"Sobre nosotros\"}]},{\"@type\":\"WebSite\",\"@id\":\"https:\/\/gonzalezecrespanavogados.com\/es\/#website\",\"url\":\"https:\/\/gonzalezecrespanavogados.com\/es\/\",\"name\":\"Gonz\u00e1lez Cresp\u00e1n Avogados\",\"description\":\"Un equipo de Abogados con m\u00e1s de 25 a\u00f1os de experiencia profesional.\",\"publisher\":{\"@id\":\"https:\/\/gonzalezecrespanavogados.com\/es\/#organization\"},\"potentialAction\":[{\"@type\":\"SearchAction\",\"target\":{\"@type\":\"EntryPoint\",\"urlTemplate\":\"https:\/\/gonzalezecrespanavogados.com\/es\/?s={search_term_string}\"},\"query-input\":{\"@type\":\"PropertyValueSpecification\",\"valueRequired\":true,\"valueName\":\"search_term_string\"}}],\"inLanguage\":\"es\"},{\"@type\":\"Organization\",\"@id\":\"https:\/\/gonzalezecrespanavogados.com\/es\/#organization\",\"name\":\"Gonz\u00e1lez Cresp\u00e1n Avogados\",\"url\":\"https:\/\/gonzalezecrespanavogados.com\/es\/\",\"logo\":{\"@type\":\"ImageObject\",\"inLanguage\":\"es\",\"@id\":\"https:\/\/gonzalezecrespanavogados.com\/es\/#\/schema\/logo\/image\/\",\"url\":\"https:\/\/gonzalezecrespanavogados.com\/wp-content\/uploads\/2024\/11\/logo.png\",\"contentUrl\":\"https:\/\/gonzalezecrespanavogados.com\/wp-content\/uploads\/2024\/11\/logo.png\",\"width\":378,\"height\":222,\"caption\":\"Gonz\u00e1lez Cresp\u00e1n Avogados\"},\"image\":{\"@id\":\"https:\/\/gonzalezecrespanavogados.com\/es\/#\/schema\/logo\/image\/\"}}]}<\/script>\n<!-- \/ Yoast SEO plugin. -->","yoast_head_json":{"title":"Gonz\u00e1lez e Cresp\u00e1n Abogados - Nuestro Curriculum","description":"Miembros del Ilustre Colegio de la Abogac\u00eda de Vigo. Servicios de turno de oficio y defensa integral. Formaci\u00f3n constante y compromiso.","robots":{"index":"index","follow":"follow","max-snippet":"max-snippet:-1","max-image-preview":"max-image-preview:large","max-video-preview":"max-video-preview:-1"},"canonical":"https:\/\/gonzalezecrespanavogados.com\/es\/sobre-nosotros\/","og_locale":"es_ES","og_type":"article","og_title":"Gonz\u00e1lez e Cresp\u00e1n Abogados - Nuestro Curriculum","og_description":"Miembros del Ilustre Colegio de la Abogac\u00eda de Vigo. Servicios de turno de oficio y defensa integral. Formaci\u00f3n constante y compromiso.","og_url":"https:\/\/gonzalezecrespanavogados.com\/es\/sobre-nosotros\/","og_site_name":"Gonzalez Crespan Avogados","article_modified_time":"2024-12-27T10:37:11+00:00","og_image":[{"width":1280,"height":850,"url":"https:\/\/gonzalezecrespanavogados.com\/wp-content\/uploads\/2024\/12\/derecho-penal.jpg","type":"image\/jpeg"}],"twitter_card":"summary_large_image","twitter_misc":{"Tiempo de lectura":"3 minutos"},"schema":{"@context":"https:\/\/schema.org","@graph":[{"@type":"WebPage","@id":"https:\/\/gonzalezecrespanavogados.com\/es\/sobre-nosotros\/","url":"https:\/\/gonzalezecrespanavogados.com\/es\/sobre-nosotros\/","name":"Gonz\u00e1lez e Cresp\u00e1n Abogados - Nuestro Curriculum","isPartOf":{"@id":"https:\/\/gonzalezecrespanavogados.com\/es\/#website"},"primaryImageOfPage":{"@id":"https:\/\/gonzalezecrespanavogados.com\/es\/sobre-nosotros\/#primaryimage"},"image":{"@id":"https:\/\/gonzalezecrespanavogados.com\/es\/sobre-nosotros\/#primaryimage"},"thumbnailUrl":"https:\/\/gonzalezecrespanavogados.com\/wp-content\/uploads\/2024\/12\/derecho-penal.jpg","datePublished":"2024-12-17T12:05:12+00:00","dateModified":"2024-12-27T10:37:11+00:00","description":"Miembros del Ilustre Colegio de la Abogac\u00eda de Vigo. Servicios de turno de oficio y defensa integral. Formaci\u00f3n constante y compromiso.","breadcrumb":{"@id":"https:\/\/gonzalezecrespanavogados.com\/es\/sobre-nosotros\/#breadcrumb"},"inLanguage":"es","potentialAction":[{"@type":"ReadAction","target":["https:\/\/gonzalezecrespanavogados.com\/es\/sobre-nosotros\/"]}]},{"@type":"ImageObject","inLanguage":"es","@id":"https:\/\/gonzalezecrespanavogados.com\/es\/sobre-nosotros\/#primaryimage","url":"https:\/\/gonzalezecrespanavogados.com\/wp-content\/uploads\/2024\/12\/derecho-penal.jpg","contentUrl":"https:\/\/gonzalezecrespanavogados.com\/wp-content\/uploads\/2024\/12\/derecho-penal.jpg"},{"@type":"BreadcrumbList","@id":"https:\/\/gonzalezecrespanavogados.com\/es\/sobre-nosotros\/#breadcrumb","itemListElement":[{"@type":"ListItem","position":1,"name":"Inicio","item":"https:\/\/gonzalezecrespanavogados.com\/es\/"},{"@type":"ListItem","position":2,"name":"Sobre nosotros"}]},{"@type":"WebSite","@id":"https:\/\/gonzalezecrespanavogados.com\/es\/#website","url":"https:\/\/gonzalezecrespanavogados.com\/es\/","name":"Gonz\u00e1lez Cresp\u00e1n Avogados","description":"Un equipo de Abogados con m\u00e1s de 25 a\u00f1os de experiencia profesional.","publisher":{"@id":"https:\/\/gonzalezecrespanavogados.com\/es\/#organization"},"potentialAction":[{"@type":"SearchAction","target":{"@type":"EntryPoint","urlTemplate":"https:\/\/gonzalezecrespanavogados.com\/es\/?s={search_term_string}"},"query-input":{"@type":"PropertyValueSpecification","valueRequired":true,"valueName":"search_term_string"}}],"inLanguage":"es"},{"@type":"Organization","@id":"https:\/\/gonzalezecrespanavogados.com\/es\/#organization","name":"Gonz\u00e1lez Cresp\u00e1n Avogados","url":"https:\/\/gonzalezecrespanavogados.com\/es\/","logo":{"@type":"ImageObject","inLanguage":"es","@id":"https:\/\/gonzalezecrespanavogados.com\/es\/#\/schema\/logo\/image\/","url":"https:\/\/gonzalezecrespanavogados.com\/wp-content\/uploads\/2024\/11\/logo.png","contentUrl":"https:\/\/gonzalezecrespanavogados.com\/wp-content\/uploads\/2024\/11\/logo.png","width":378,"height":222,"caption":"Gonz\u00e1lez Cresp\u00e1n Avogados"},"image":{"@id":"https:\/\/gonzalezecrespanavogados.com\/es\/#\/schema\/logo\/image\/"}}]}},"_links":{"self":[{"href":"https:\/\/gonzalezecrespanavogados.com\/es\/wp-json\/wp\/v2\/pages\/841","targetHints":{"allow":["GET"]}}],"collection":[{"href":"https:\/\/gonzalezecrespanavogados.com\/es\/wp-json\/wp\/v2\/pages"}],"about":[{"href":"https:\/\/gonzalezecrespanavogados.com\/es\/wp-json\/wp\/v2\/types\/page"}],"author":[{"embeddable":true,"href":"https:\/\/gonzalezecrespanavogados.com\/es\/wp-json\/wp\/v2\/users\/1"}],"replies":[{"embeddable":true,"href":"https:\/\/gonzalezecrespanavogados.com\/es\/wp-json\/wp\/v2\/comments?post=841"}],"version-history":[{"count":8,"href":"https:\/\/gonzalezecrespanavogados.com\/es\/wp-json\/wp\/v2\/pages\/841\/revisions"}],"predecessor-version":[{"id":871,"href":"https:\/\/gonzalezecrespanavogados.com\/es\/wp-json\/wp\/v2\/pages\/841\/revisions\/871"}],"wp:attachment":[{"href":"https:\/\/gonzalezecrespanavogados.com\/es\/wp-json\/wp\/v2\/media?parent=841"}],"curies":[{"name":"wp","href":"https:\/\/api.w.org\/{rel}","templated":true}]}}