{"id":589,"date":"2024-11-19T10:04:21","date_gmt":"2024-11-19T09:04:21","guid":{"rendered":"https:\/\/gonzalezecrespanavogados.com\/politica-de-cookies\/"},"modified":"2024-12-05T16:52:45","modified_gmt":"2024-12-05T15:52:45","slug":"politica-de-cookies","status":"publish","type":"page","link":"https:\/\/gonzalezecrespanavogados.com\/es\/politica-de-cookies\/","title":{"rendered":"Pol\u00edtica de cookies"},"content":{"rendered":"\t\t<div data-elementor-type=\"wp-page\" data-elementor-id=\"589\" class=\"elementor elementor-589 elementor-339\" data-elementor-post-type=\"page\">\n\t\t\t\t<div class=\"elementor-element elementor-element-cc76dc4 e-flex e-con-boxed e-con e-parent\" data-id=\"cc76dc4\" data-element_type=\"container\" data-e-type=\"container\">\n\t\t\t\t\t<div class=\"e-con-inner\">\n\t\t\t\t<div class=\"elementor-element elementor-element-f89acdb elementor-widget elementor-widget-heading\" data-id=\"f89acdb\" data-element_type=\"widget\" data-e-type=\"widget\" data-widget_type=\"heading.default\">\n\t\t\t\t<div class=\"elementor-widget-container\">\n\t\t\t\t\t<h2 class=\"elementor-heading-title elementor-size-default\">Pol\u00edtica de cookies<\/h2>\t\t\t\t<\/div>\n\t\t\t\t<\/div>\n\t\t\t\t<div class=\"elementor-element elementor-element-34b701b elementor-widget elementor-widget-text-editor\" data-id=\"34b701b\" data-element_type=\"widget\" data-e-type=\"widget\" data-widget_type=\"text-editor.default\">\n\t\t\t\t<div class=\"elementor-widget-container\">\n\t\t\t\t\t\t\t\t\t<div class=\"min-h-8 text-message flex w-full flex-col items-end gap-2 whitespace-normal break-words [.text-message+&amp;]:mt-5\" dir=\"auto\" data-message-author-role=\"assistant\" data-message-id=\"7387c5ce-e9cc-48fe-9663-cd5f58b91ee4\" data-message-model-slug=\"gpt-4o\">\n<div class=\"flex w-full flex-col gap-1 empty:hidden first:pt-[3px]\">\n<div class=\"markdown prose w-full break-words dark:prose-invert dark\">\n<h3>Que es una cookie?<\/h3>\n<p>Una cookie es un peque\u00f1o fichero de texto que se almacena en su navegador cuando visita case cualquier p\u00e1gina web. Su utilidad radica en que la web sea capaz de recordar su visita cuando vuelva a navegar por esa p\u00e1gina. Las cookies suelen almacenar informaci\u00f3n de car\u00e1cter t\u00e9cnico, preferencias personales, personalizaci\u00f3n de contenidos, estad\u00edsticas de uso, enlaces a redes sociales, acceso a cuentas de usuario, entre otros. El objetivo de la cookie es adaptar el contenido de la web a su perfil y necesidades, ya que sin cookies los servicios ofrecidos por cualquier p\u00e1gina se ver\u00edan notablemente reducidos.   <\/p>\n<h3>Que tipos de cookies existen?<\/h3>\n<ul>\n<li><strong>Cookies t\u00e9cnicas:<\/strong> Son las m\u00e1s b\u00e1sicas y permiten, entre otras cosas, saber se est\u00e1 navegando un humano o una aplicaci\u00f3n automatizada, cuando navega un usuario an\u00f3nimo o un registrado, y realizar tareas b\u00e1sicas para el funcionamiento de cualquier web din\u00e1mica.<\/li>\n<li><strong>Cookies de an\u00e1lisis: <\/strong>Recogen informaci\u00f3n sobre el tipo de navegaci\u00f3n que realiza, las secciones m\u00e1s utilizadas, productos consultados, franja horaria de uso, idioma, etc.<\/li>\n<li><strong>Cookies publicitarias:<\/strong> Muestran publicidad en funci\u00f3n de su navegaci\u00f3n, pa\u00eds de origen, idioma, etc.<\/li>\n<\/ul>\n<h3>Que son las cookies propias y las de terceros?<\/h3>\n<ul>\n<li><strong>Cookies propias: <\/strong>Son las generadas por la p\u00e1gina web que est\u00e1 visitando.<\/li>\n<li><strong>Cookies de terceros: <\/strong>Son las generadas por servicios o proveedores externos, como Facebook, Twitter o Google.<\/li>\n<\/ul>\n<h3>Cookies utilizadas en este sitio<\/h3>\n<p>En cumplimiento con las directrices de la Agencia Espa\u00f1ola de Protecci\u00f3n de Datos, detallamos el uso de cookies que realiza esta web con el fin de informarle con precisi\u00f3n.<\/p>\n<p><strong>Cookies propias utilizadas:<\/strong><\/p>\n<ul>\n<li>Cookies de sesi\u00f3n, para garantizar que los usuarios que realizan reservas sean humanos y no aplicaciones automatizadas.<\/li>\n<\/ul>\n<p><strong>Cookies de terceros utilizadas:<\/strong><\/p>\n<ul>\n<li><strong>Google Analytics:<\/strong> Almacena cookies para elaborar estad\u00edsticas sobre el tr\u00e1fico y volumen de visitas de esta web. Al utilizar este sitio, consiente el tratamiento de informaci\u00f3n por parte de Google. Para ejercer sus derechos respeto la estas cookies, deber\u00e1 contactar directamente con Google.  <\/li>\n<\/ul>\n<h3>Qu\u00e9 ocurre si desactivo las cookies?<\/h3>\n<p>Si desactivas las cookies, algunos servicios pueden verse afectados. Por ejemplo: <\/p>\n<ul>\n<li>No podr\u00e1 compartir contenidos en redes sociales como Facebook o Twitter.<\/li>\n<li>El sitio web no podr\u00e1 adaptar sus contenidos a sus preferencias.<\/li>\n<li>No podr\u00e1 acceder a su \u00e1rea personal, como \u00abMi cuenta\u00bb o \u00abMis pedidos\u00bb.<\/li>\n<li>En tiendas online, ser\u00e1 imposible realizar compras.<\/li>\n<li>No podr\u00e1 personalizar preferencias geogr\u00e1ficas como idioma o moneda.<\/li>\n<li>El sitio no podr\u00e1 realizar anal\u00edticas de visitantes y tr\u00e1fico.<\/li>\n<li>No podr\u00e1 publicar comentarios o subir contenidos.<\/li>\n<li>No se mostrar\u00e1 publicidad sectorizada, reduciendo los ingresos publicitarios.<\/li>\n<li>No podr\u00e1 utilizar redes sociales, ya que todas usan cookies.<\/li>\n<\/ul>\n<h3>Se pueden eliminar las cookies?<\/h3>\n<p>S\u00ed, puede eliminar y bloquear cookies, de forma general o particular, para un dominio espec\u00edfico.<br \/>Para eliminarlas, acceda a la configuraci\u00f3n de su navegador y busque las cookies asociadas al dominio en tela de juicio.<\/p>\n<h3>Configuraci\u00f3n de cookies en los navegadores m\u00e1s populares<\/h3>\n<p><strong>Google Chrome:<\/strong><\/p>\n<ol>\n<li>Vaya la Configuraci\u00f3n o Preferencias en el men\u00fa.<\/li>\n<li>Seleccione \u00abMostrar opciones avanzadas\u00bb.<\/li>\n<li>En \u00abPrivacidad\u00bb, seleccione \u00abConfiguraci\u00f3n de contenido\u00bb.<\/li>\n<li>Consultar o eliminar las cookies almacenadas.<\/li>\n<\/ol>\n<p><strong>Internet Explorer:<\/strong><\/p>\n<ol>\n<li>Vaya a Herramientas \u2192 Opciones de Internet.<\/li>\n<li>Seleccione \u00abPrivacidad\u00bb y ajuste el nivel de cookies deseado.<\/li>\n<\/ol>\n<p><strong>Mozilla Firefox:<\/strong><\/p>\n<ol>\n<li>Vaya a Opciones o Preferencias.<\/li>\n<li>Seleccione \u00abPrivacidad\u00bb.<\/li>\n<li>Elija \u00abUsar una configuraci\u00f3n personalizada para el historial\u00bb.<\/li>\n<\/ol>\n<p><strong>Safari (OSX):<\/strong><\/p>\n<ol>\n<li>Vaya a Preferencias \u2192 Privacidad.<\/li>\n<li>Ajuste las opciones de bloqueo de cookies.<\/li>\n<\/ol>\n<p><strong>Safari (iOS):<\/strong><\/p>\n<ol>\n<li>Vaya a Ajustes \u2192 Safari.<\/li>\n<li>En \u201cPrivacidad y Seguridad\u201d, ajusta el bloqueo de cookies.<\/li>\n<\/ol>\n<p><strong>Android:<\/strong><\/p>\n<ol>\n<li>Abra el navegador y vaya a Men\u00fa &gt;&gt; Ajustes.<\/li>\n<li>En \u00abSeguridad y Privacidad\u00bb, active o desactive \u00abAceptar cookies\u00bb.<\/li>\n<\/ol>\n<p><strong>Windows Phone:<\/strong><\/p>\n<ol>\n<li>Abra Internet Explorer &gt;&gt; M\u00e1s &gt;&gt; Configuraci\u00f3n.<\/li>\n<li>Active o desactive la opci\u00f3n \u00abPermitir cookies\u00bb.<\/li>\n<\/ol>\n<\/div>\n<\/div>\n<\/div>\n\t\t\t\t\t\t\t\t<\/div>\n\t\t\t\t<\/div>\n\t\t\t\t\t<\/div>\n\t\t\t\t<\/div>\n\t\t\t\t<\/div>\n\t\t","protected":false},"excerpt":{"rendered":"<p>Pol\u00edtica de cookies Que es una cookie? Una cookie es un peque\u00f1o fichero de texto que se almacena en su navegador cuando visita case cualquier p\u00e1gina web. Su utilidad radica en que la web sea capaz de recordar su visita cuando vuelva a navegar por esa p\u00e1gina. Las cookies suelen almacenar informaci\u00f3n de car\u00e1cter t\u00e9cnico, [&hellip;]<\/p>\n","protected":false},"author":1,"featured_media":0,"parent":0,"menu_order":0,"comment_status":"closed","ping_status":"closed","template":"","meta":{"footnotes":""},"class_list":["post-589","page","type-page","status-publish","hentry"],"yoast_head":"<!-- This site is optimized with the Yoast SEO plugin v26.2 - https:\/\/yoast.com\/wordpress\/plugins\/seo\/ -->\n<title>Pol\u00edtica de cookies - Gonzalez Crespan Avogados<\/title>\n<meta name=\"robots\" content=\"noindex, follow\" \/>\n<meta property=\"og:locale\" content=\"es_ES\" \/>\n<meta property=\"og:type\" content=\"article\" \/>\n<meta property=\"og:title\" content=\"Pol\u00edtica de cookies - Gonzalez Crespan Avogados\" \/>\n<meta property=\"og:description\" content=\"Pol\u00edtica de cookies Que es una cookie? Una cookie es un peque\u00f1o fichero de texto que se almacena en su navegador cuando visita case cualquier p\u00e1gina web. Su utilidad radica en que la web sea capaz de recordar su visita cuando vuelva a navegar por esa p\u00e1gina. Las cookies suelen almacenar informaci\u00f3n de car\u00e1cter t\u00e9cnico, [&hellip;]\" \/>\n<meta property=\"og:url\" content=\"https:\/\/gonzalezecrespanavogados.com\/es\/politica-de-cookies\/\" \/>\n<meta property=\"og:site_name\" content=\"Gonzalez Crespan Avogados\" \/>\n<meta property=\"article:modified_time\" content=\"2024-12-05T15:52:45+00:00\" \/>\n<meta property=\"og:image\" content=\"https:\/\/gonzalezecrespanavogados.com\/wp-content\/uploads\/2024\/12\/colaboracion.jpg\" \/>\n\t<meta property=\"og:image:width\" content=\"1280\" \/>\n\t<meta property=\"og:image:height\" content=\"850\" \/>\n\t<meta property=\"og:image:type\" content=\"image\/jpeg\" \/>\n<meta name=\"twitter:card\" content=\"summary_large_image\" \/>\n<meta name=\"twitter:label1\" content=\"Tiempo de lectura\" \/>\n\t<meta name=\"twitter:data1\" content=\"3 minutos\" \/>\n<script type=\"application\/ld+json\" class=\"yoast-schema-graph\">{\"@context\":\"https:\/\/schema.org\",\"@graph\":[{\"@type\":\"WebPage\",\"@id\":\"https:\/\/gonzalezecrespanavogados.com\/es\/politica-de-cookies\/\",\"url\":\"https:\/\/gonzalezecrespanavogados.com\/es\/politica-de-cookies\/\",\"name\":\"Pol\u00edtica de cookies - Gonzalez Crespan Avogados\",\"isPartOf\":{\"@id\":\"https:\/\/gonzalezecrespanavogados.com\/es\/#website\"},\"datePublished\":\"2024-11-19T09:04:21+00:00\",\"dateModified\":\"2024-12-05T15:52:45+00:00\",\"breadcrumb\":{\"@id\":\"https:\/\/gonzalezecrespanavogados.com\/es\/politica-de-cookies\/#breadcrumb\"},\"inLanguage\":\"es\",\"potentialAction\":[{\"@type\":\"ReadAction\",\"target\":[\"https:\/\/gonzalezecrespanavogados.com\/es\/politica-de-cookies\/\"]}]},{\"@type\":\"BreadcrumbList\",\"@id\":\"https:\/\/gonzalezecrespanavogados.com\/es\/politica-de-cookies\/#breadcrumb\",\"itemListElement\":[{\"@type\":\"ListItem\",\"position\":1,\"name\":\"Inicio\",\"item\":\"https:\/\/gonzalezecrespanavogados.com\/es\/\"},{\"@type\":\"ListItem\",\"position\":2,\"name\":\"Pol\u00edtica de cookies\"}]},{\"@type\":\"WebSite\",\"@id\":\"https:\/\/gonzalezecrespanavogados.com\/es\/#website\",\"url\":\"https:\/\/gonzalezecrespanavogados.com\/es\/\",\"name\":\"Gonz\u00e1lez Cresp\u00e1n Avogados\",\"description\":\"Un equipo de Abogados con m\u00e1s de 25 a\u00f1os de experiencia profesional.\",\"publisher\":{\"@id\":\"https:\/\/gonzalezecrespanavogados.com\/es\/#organization\"},\"potentialAction\":[{\"@type\":\"SearchAction\",\"target\":{\"@type\":\"EntryPoint\",\"urlTemplate\":\"https:\/\/gonzalezecrespanavogados.com\/es\/?s={search_term_string}\"},\"query-input\":{\"@type\":\"PropertyValueSpecification\",\"valueRequired\":true,\"valueName\":\"search_term_string\"}}],\"inLanguage\":\"es\"},{\"@type\":\"Organization\",\"@id\":\"https:\/\/gonzalezecrespanavogados.com\/es\/#organization\",\"name\":\"Gonz\u00e1lez Cresp\u00e1n Avogados\",\"url\":\"https:\/\/gonzalezecrespanavogados.com\/es\/\",\"logo\":{\"@type\":\"ImageObject\",\"inLanguage\":\"es\",\"@id\":\"https:\/\/gonzalezecrespanavogados.com\/es\/#\/schema\/logo\/image\/\",\"url\":\"https:\/\/gonzalezecrespanavogados.com\/wp-content\/uploads\/2024\/11\/logo.png\",\"contentUrl\":\"https:\/\/gonzalezecrespanavogados.com\/wp-content\/uploads\/2024\/11\/logo.png\",\"width\":378,\"height\":222,\"caption\":\"Gonz\u00e1lez Cresp\u00e1n Avogados\"},\"image\":{\"@id\":\"https:\/\/gonzalezecrespanavogados.com\/es\/#\/schema\/logo\/image\/\"}}]}<\/script>\n<!-- \/ Yoast SEO plugin. -->","yoast_head_json":{"title":"Pol\u00edtica de cookies - Gonzalez Crespan Avogados","robots":{"index":"noindex","follow":"follow"},"og_locale":"es_ES","og_type":"article","og_title":"Pol\u00edtica de cookies - Gonzalez Crespan Avogados","og_description":"Pol\u00edtica de cookies Que es una cookie? Una cookie es un peque\u00f1o fichero de texto que se almacena en su navegador cuando visita case cualquier p\u00e1gina web. Su utilidad radica en que la web sea capaz de recordar su visita cuando vuelva a navegar por esa p\u00e1gina. Las cookies suelen almacenar informaci\u00f3n de car\u00e1cter t\u00e9cnico, [&hellip;]","og_url":"https:\/\/gonzalezecrespanavogados.com\/es\/politica-de-cookies\/","og_site_name":"Gonzalez Crespan Avogados","article_modified_time":"2024-12-05T15:52:45+00:00","og_image":[{"width":1280,"height":850,"url":"https:\/\/gonzalezecrespanavogados.com\/wp-content\/uploads\/2024\/12\/colaboracion.jpg","type":"image\/jpeg"}],"twitter_card":"summary_large_image","twitter_misc":{"Tiempo de lectura":"3 minutos"},"schema":{"@context":"https:\/\/schema.org","@graph":[{"@type":"WebPage","@id":"https:\/\/gonzalezecrespanavogados.com\/es\/politica-de-cookies\/","url":"https:\/\/gonzalezecrespanavogados.com\/es\/politica-de-cookies\/","name":"Pol\u00edtica de cookies - Gonzalez Crespan Avogados","isPartOf":{"@id":"https:\/\/gonzalezecrespanavogados.com\/es\/#website"},"datePublished":"2024-11-19T09:04:21+00:00","dateModified":"2024-12-05T15:52:45+00:00","breadcrumb":{"@id":"https:\/\/gonzalezecrespanavogados.com\/es\/politica-de-cookies\/#breadcrumb"},"inLanguage":"es","potentialAction":[{"@type":"ReadAction","target":["https:\/\/gonzalezecrespanavogados.com\/es\/politica-de-cookies\/"]}]},{"@type":"BreadcrumbList","@id":"https:\/\/gonzalezecrespanavogados.com\/es\/politica-de-cookies\/#breadcrumb","itemListElement":[{"@type":"ListItem","position":1,"name":"Inicio","item":"https:\/\/gonzalezecrespanavogados.com\/es\/"},{"@type":"ListItem","position":2,"name":"Pol\u00edtica de cookies"}]},{"@type":"WebSite","@id":"https:\/\/gonzalezecrespanavogados.com\/es\/#website","url":"https:\/\/gonzalezecrespanavogados.com\/es\/","name":"Gonz\u00e1lez Cresp\u00e1n Avogados","description":"Un equipo de Abogados con m\u00e1s de 25 a\u00f1os de experiencia profesional.","publisher":{"@id":"https:\/\/gonzalezecrespanavogados.com\/es\/#organization"},"potentialAction":[{"@type":"SearchAction","target":{"@type":"EntryPoint","urlTemplate":"https:\/\/gonzalezecrespanavogados.com\/es\/?s={search_term_string}"},"query-input":{"@type":"PropertyValueSpecification","valueRequired":true,"valueName":"search_term_string"}}],"inLanguage":"es"},{"@type":"Organization","@id":"https:\/\/gonzalezecrespanavogados.com\/es\/#organization","name":"Gonz\u00e1lez Cresp\u00e1n Avogados","url":"https:\/\/gonzalezecrespanavogados.com\/es\/","logo":{"@type":"ImageObject","inLanguage":"es","@id":"https:\/\/gonzalezecrespanavogados.com\/es\/#\/schema\/logo\/image\/","url":"https:\/\/gonzalezecrespanavogados.com\/wp-content\/uploads\/2024\/11\/logo.png","contentUrl":"https:\/\/gonzalezecrespanavogados.com\/wp-content\/uploads\/2024\/11\/logo.png","width":378,"height":222,"caption":"Gonz\u00e1lez Cresp\u00e1n Avogados"},"image":{"@id":"https:\/\/gonzalezecrespanavogados.com\/es\/#\/schema\/logo\/image\/"}}]}},"_links":{"self":[{"href":"https:\/\/gonzalezecrespanavogados.com\/es\/wp-json\/wp\/v2\/pages\/589","targetHints":{"allow":["GET"]}}],"collection":[{"href":"https:\/\/gonzalezecrespanavogados.com\/es\/wp-json\/wp\/v2\/pages"}],"about":[{"href":"https:\/\/gonzalezecrespanavogados.com\/es\/wp-json\/wp\/v2\/types\/page"}],"author":[{"embeddable":true,"href":"https:\/\/gonzalezecrespanavogados.com\/es\/wp-json\/wp\/v2\/users\/1"}],"replies":[{"embeddable":true,"href":"https:\/\/gonzalezecrespanavogados.com\/es\/wp-json\/wp\/v2\/comments?post=589"}],"version-history":[{"count":7,"href":"https:\/\/gonzalezecrespanavogados.com\/es\/wp-json\/wp\/v2\/pages\/589\/revisions"}],"predecessor-version":[{"id":803,"href":"https:\/\/gonzalezecrespanavogados.com\/es\/wp-json\/wp\/v2\/pages\/589\/revisions\/803"}],"wp:attachment":[{"href":"https:\/\/gonzalezecrespanavogados.com\/es\/wp-json\/wp\/v2\/media?parent=589"}],"curies":[{"name":"wp","href":"https:\/\/api.w.org\/{rel}","templated":true}]}}