{"id":587,"date":"2024-11-19T09:30:25","date_gmt":"2024-11-19T08:30:25","guid":{"rendered":"https:\/\/gonzalezecrespanavogados.com\/aviso-legal\/"},"modified":"2024-12-05T16:52:35","modified_gmt":"2024-12-05T15:52:35","slug":"aviso-legal","status":"publish","type":"page","link":"https:\/\/gonzalezecrespanavogados.com\/es\/aviso-legal\/","title":{"rendered":"Aviso legal"},"content":{"rendered":"\t\t<div data-elementor-type=\"wp-page\" data-elementor-id=\"587\" class=\"elementor elementor-587 elementor-295\" data-elementor-post-type=\"page\">\n\t\t\t\t<div class=\"elementor-element elementor-element-cc76dc4 e-flex e-con-boxed e-con e-parent\" data-id=\"cc76dc4\" data-element_type=\"container\" data-e-type=\"container\">\n\t\t\t\t\t<div class=\"e-con-inner\">\n\t\t\t\t<div class=\"elementor-element elementor-element-f89acdb elementor-widget elementor-widget-heading\" data-id=\"f89acdb\" data-element_type=\"widget\" data-e-type=\"widget\" data-widget_type=\"heading.default\">\n\t\t\t\t<div class=\"elementor-widget-container\">\n\t\t\t\t\t<h2 class=\"elementor-heading-title elementor-size-default\">Aviso Legal<\/h2>\t\t\t\t<\/div>\n\t\t\t\t<\/div>\n\t\t\t\t<div class=\"elementor-element elementor-element-34b701b elementor-widget elementor-widget-text-editor\" data-id=\"34b701b\" data-element_type=\"widget\" data-e-type=\"widget\" data-widget_type=\"text-editor.default\">\n\t\t\t\t<div class=\"elementor-widget-container\">\n\t\t\t\t\t\t\t\t\t<div class=\"min-h-8 text-message flex w-full flex-col items-end gap-2 whitespace-normal break-words [.text-message+&amp;]:mt-5\" dir=\"auto\" data-message-author-role=\"assistant\" data-message-id=\"7387c5ce-e9cc-48fe-9663-cd5f58b91ee4\" data-message-model-slug=\"gpt-4o\">\n<div class=\"flex w-full flex-col gap-1 empty:hidden first:pt-[3px]\">\n<div class=\"markdown prose w-full break-words dark:prose-invert dark\">\n<h3>LEY DE LOS SERVICIOS DE LA SOCIEDAD DE LA INFORMACI\u00d3N (LSSI)<\/h3>\n<p>El presente aviso legal (en adelante, el \u00abAviso Legal\u00bb) regula el uso del servicio del portal de Internet <a href=\"https:\/\/gonzalezecrespanavogados.com\/es\/\" target=\"_new\" rel=\"noopener\">https:\/\/gonzalezecrespanavogados.com\/es\/<\/a> (en adelante, la \u00abWeb\u00bb) de <strong>Marta Isabel Gonz\u00e1lez Alonso y Fernando Cresp\u00e1n Conde<\/strong> (en adelante, la Sociedad) <strong>con domicilio social en Calle Rep\u00fablica Argentina 25 2\u00ba Izquierda \u2013 36201 Vigo (Pontevedra)<\/strong> y con <strong>NIF: 36082049V y 36075860S<\/strong> respectivamente.<\/p>\n<h3>CONTACTO<\/h3>\n<ul>\n<li><strong>Marta Isabel Gonzalez Alonso<\/strong>\n<ul>\n<li>Domicilio social: Calle Rep\u00fablica Argentina 25 2\u00ba Izquierda 36201 Vigo (Pontevedra).<\/li>\n<li>Tel\u00e9fono: 609493890<\/li>\n<li>Email: mgonzalez@icavigo.es<\/li>\n<\/ul>\n<\/li>\n<li><strong>Fernando Cresp\u00e1n Conde<\/strong>\n<ul>\n<li>Domicilio social: Calle Rep\u00fablica Argentina 25 2\u00ba Izquierda 36201 Vigo (Pontevedra).<\/li>\n<li>Tel\u00e9fono: 627650779<\/li>\n<li>Email: fercrespan@gmail.com<\/li>\n<\/ul>\n<\/li>\n<\/ul>\n<h3>OBJETO<\/h3>\n<p>A trav\u00e9s del Sitio web, les ofrecemos a los Usuarios a posibilidad de acceder a la informaci\u00f3n sobre nuestros servicios.<\/p>\n<h3>PRIVACIDAD Y TRATAMIENTO DE DATOS<\/h3>\n<p>Cuando para el acceso a determinados contenidos o servicios sea necesario facilitar datos de car\u00e1cter personal, los Usuarios garantizar\u00e1n su veracidad, exactitud, autenticidad y vigencia. La empresa dar\u00e1 la dichos datos el tratamiento automatizado que corresponda en funci\u00f3n de su naturaleza o finalidad, nos tener indicados en la secci\u00f3n de Pol\u00edtica de Privacidad. <\/p>\n<h3>PROPIEDAD INDUSTRIAL Y INTELECTUAL<\/h3>\n<p>El Usuario reconoce y acepta que todos los contenidos que se muestran en el Espacio Web y, en especial, dise\u00f1os, textos, im\u00e1genes, logotipos, iconos, botones, software, nombres comerciales, marcas o cualquiera otro signo susceptible de utilizaci\u00f3n industrial y\/o comercial est\u00e1n sujetos a derechos de Propiedad Intelectual. Todas las marcas, nombres comerciales o signos distintivos, as\u00ed como los derechos de propiedad industrial e intelectual sobre los contenidos o cualquiera otro elemento insertado en la p\u00e1gina, son propiedad exclusiva de la empresa y\/o de terceros, que tienen el derecho exclusivo de utilizarlos en el tr\u00e1fico econ\u00f3mico. Por esto, el Usuario se compromete a no reproducir, copiar, distribuir, poner a la disposici\u00f3n o comunicar p\u00fablicamente, transformar o modificar tales contenidos, manteniendo indemne a la empresa de cualquier reclamaci\u00f3n derivada del incumplimiento de tales deberes.  <\/p>\n<p>En ning\u00fan caso el acceso al Espacio Web implica renuncia, transmisi\u00f3n, licencia o cesi\u00f3n total o parcial de dichos derechos, salvo que se establezca expresamente el contrario. Estas Condiciones Generales de Uso del Espacio Web no confieren a los Usuarios ninguno otro derecho de utilizaci\u00f3n, explotaci\u00f3n, reproducci\u00f3n, distribuci\u00f3n o comunicaci\u00f3n p\u00fablica del Espacio Web y\/o de sus Contenidos distintos de los aqu\u00ed expresamente previstos. Cualquiera otro uso o explotaci\u00f3n de estos derechos estar\u00e1 sujeto a la autorizaci\u00f3n previa y expresa de la empresa o del tercero titular de los derechos afectados.  <\/p>\n<p>Los contenidos, textos, fotograf\u00edas, dise\u00f1os, logotipos, im\u00e1genes, programas de ordenador, c\u00f3digos fuente y, en general, cualquier creaci\u00f3n intelectual existente en este Espacio, as\u00ed como el propio Espacio en conjunto, est\u00e1n protegidos c\u00f3mo derechos de autor por la legislaci\u00f3n en materia de propiedad intelectual.<\/p>\n<p>La empresa es titular de los elementos que integran el dise\u00f1o gr\u00e1fico del Espacio Web: los men\u00fas, botones de navegaci\u00f3n, el c\u00f3digo HTML, los textos, im\u00e1genes, texturas, gr\u00e1ficos y cualquier otro contenido del Espacio Web o, en cualquiera caso, dispone de la correspondiente autorizaci\u00f3n para el uso de tales elementos. El contenido dispuesto en el Espacio Web no podr\u00e1 ser reproducido, transmitido o registrado por ning\u00fan sistema de recuperaci\u00f3n de informaci\u00f3n, salvo autorizaci\u00f3n previa y por escrito. <\/p>\n<p>Est\u00e1 prohibido eliminar, eludir y\/o manipular lo ?copyright?, as\u00ed como los dispositivos t\u00e9cnicos de protecci\u00f3n o cualquiera otro mecanismo de informaci\u00f3n que puedan contener los contenidos.<\/p>\n<p>El Usuario se compromete a respetar los derechos mencionados y a evitar cualquier actuaci\u00f3n que pudiera perjudicarlos. La empresa se reserva en todo caso el ejercicio de todas las acciones legales que le correspondan para la defensa de sus leg\u00edtimos derechos de propiedad intelectual e industrial. <\/p>\n<\/div>\n<\/div>\n<\/div>\n<div class=\"min-h-8 text-message flex w-full flex-col items-end gap-2 whitespace-normal break-words [.text-message+&amp;]:mt-5\" dir=\"auto\" data-message-author-role=\"assistant\" data-message-id=\"d27bbdf0-2e4f-4485-875b-b85315d6d23c\" data-message-model-slug=\"gpt-4o\">\n<div class=\"flex w-full flex-col gap-1 empty:hidden first:pt-[3px]\">\n<div class=\"markdown prose w-full break-words dark:prose-invert dark\">\n<h3>DEBERES Y RESPONSABILIDADES DEL USUARIO DEL ESPACIO WEB<\/h3>\n<p>El Usuario se compromete la:<\/p>\n<ul>\n<li>Hacer un uso adecuado y l\u00edcito del Espacio Web, as\u00ed como de los contenidos y servicios, conforme la:\n<ul>\n<li>(i) la legislaci\u00f3n aplicable en cada momento;<\/li>\n<li>(ii) las Condiciones Generales de Uso del Espacio Web;<\/li>\n<li>(iii) la moral y las buenas costumbres generalmente aceptados;<\/li>\n<li>(iv) la orden p\u00fablica.<\/li>\n<\/ul>\n<\/li>\n<li>Disponer de todos los medios y requisitos t\u00e9cnicos necesarios para acceder al Espacio Web.<\/li>\n<li>Facilitar informaci\u00f3n veraz al cubrir los formularios contenidos en el Espacio Web, manteniendo sus datos actualizados para que respondan a la situaci\u00f3n real del Usuario en cada momento. El Usuario ser\u00e1 el \u00fanico responsable de las manifestaciones falsas o inexactas y de los da\u00f1os que cause a la empresa o a terceros por la informaci\u00f3n proporcionada. <\/li>\n<\/ul>\n<p>Adem\u00e1s, el Usuario deber\u00e1 abstenerse de:<\/p>\n<ul>\n<li>Hacer un uso no autorizado o fraudulento del Espacio Web y\/o de sus contenidos con fines il\u00edcitos, lesivos de derechos de terceros o que puedan perjudicar, sobrecargar o impedir la normal utilizaci\u00f3n del Espacio Web.<\/li>\n<li>Acceder o intentar acceder a recursos o \u00e1relas restringidas sin autorizaci\u00f3n.<\/li>\n<li>Da\u00f1ar los sistemas f\u00edsicos o l\u00f3gicos del Espacio Web, de sus proveedores o de terceros.<\/li>\n<li>Introducir o difundir virus inform\u00e1ticos o cualquiera otro sistema que pueda perjudicar los sistemas de la empresa, proveedores o terceros.<\/li>\n<li>Reproducir, copiar, distribuir o modificar los contenidos, salvo que cuente con la autorizaci\u00f3n expresa del titular de los derechos o que sea legalmente permitido.<\/li>\n<li>Suprimir, ocultar o manipular las notas sobre derechos de propiedad intelectual o industrial incorporados en los contenidos.<\/li>\n<\/ul>\n<p>El Usuario tambi\u00e9n se compromete a no utilizar el Espacio Web para transmitir o poner la disposici\u00f3n de terceros contenidos que:<\/p>\n<ul>\n<li>Sean contrarios a los derechos fundamentales y a las libertades p\u00fablicas reconocidas constitucionalmente.<\/li>\n<li>Inciten a actividades delictivas o contrarias a la ley, moral u orden p\u00fablica.<\/li>\n<li>Discriminen por raz\u00f3n de sexo, raza, religi\u00f3n, creencias o condici\u00f3n.<\/li>\n<li>Incorporen elementos que atenten contra el honor, la intimidad o la propia imagen de terceros.<\/li>\n<li>Incluyan virus o programas que puedan afectar al funcionamiento del Espacio Web.<\/li>\n<\/ul>\n<p>Si para acceder la algunos servicios se le proporciona una contrase\u00f1a, el Usuario se compromete a custodiarla de forma segura, no ceder su uso y notificar a la empresa cualquier uso indebido.<\/p>\n<h3>RESPONSABILIDADES<\/h3>\n<p>La empresa no garantiza el acceso continuado al Espacio Web ni la utilidad de sus contenidos, pudiendo interrumpir el servicio en caso de uso contrario a las presentes Condiciones Generales. No ser\u00e1 responsable de: <\/p>\n<ul>\n<li>Interferencias o interrupciones ajenas a su control.<\/li>\n<li>Intromisiones ileg\u00edtimas mediante virus o programas malignos.<\/li>\n<li>Uso indebido o error de seguridad por parte de los Usuarios.<\/li>\n<\/ul>\n<p>La empresa se reserva el derecho de eliminar del Espacio Web cualquier contenido que pueda resultar da\u00f1ino.<\/p>\n<h3>HIPERV\u00cdNCULOS<\/h3>\n<\/div>\n<\/div>\n<\/div>\n<div class=\"min-h-8 text-message flex w-full flex-col items-end gap-2 whitespace-normal break-words [.text-message+&amp;]:mt-5\" dir=\"auto\" data-message-author-role=\"assistant\" data-message-id=\"21e70504-bd31-46d0-896f-5e193258a512\" data-message-model-slug=\"gpt-4o\">\n<div class=\"flex w-full flex-col gap-1 empty:hidden first:pt-[3px]\">\n<div class=\"markdown prose w-full break-words dark:prose-invert dark\">\n<p>El Usuario se compromete a no reproducir el Sitio Web ni sus contenidos, ni siquiera mediante hiperv\u00ednculos, salvo autorizaci\u00f3n expresa y por escrito del titular.<\/p>\n<p>El Espacio Web puede contener enlaces a otros sitios web gestionados por terceros para facilitar el acceso a la informaci\u00f3n de empresas colaboradoras o patrocinadoras. La empresa no es responsable del contenido de estos sitios externos y no garantiza los servicios o la informaci\u00f3n que se ofrecen a trav\u00e9s de ellos. <\/p>\n<p>Se concede al Usuario un derecho limitado, revocable y no exclusivo a crear enlaces a la p\u00e1gina principal del Espacio Web para uso exclusivamente privado y no comercial, respetando las siguientes condiciones:<\/p>\n<ul>\n<li>No tergiverse la relaci\u00f3n con la empresa ni indique que el enlace est\u00e1 autorizado.<\/li>\n<li>No incluir contenidos ofensivos, obscenos o il\u00edcitos en el espacio web que realiza el enlace.<\/li>\n<li>No enlazar con p\u00e1ginas distintas a la principal ni reproducir el Espacio Web dentro de otros frames o a trav\u00e9s de navegadores integrados.<\/li>\n<\/ul>\n<p>La empresa podr\u00e1 solicitar la eliminaci\u00f3n de los enlaces al Espacio Web en cualquier momento, debiendo el Usuario proceder a su eliminaci\u00f3n de forma inmediata.<\/p>\n<h3>PROTECCI\u00d3N DE DATOS<\/h3>\n<p>Para utilizar determinados servicios, el Usuario deber\u00e1 facilitar datos personales que ser\u00e1n tratados de conformidad con el Reglamento General de Protecci\u00f3n de Datos (RGPD). El Usuario puede consultar las condiciones relativas al tratamiento de sus datos en la Pol\u00edtica de Privacidad disponible en el Espacio Web. <\/p>\n<h3>COOKIES<\/h3>\n<p>La empresa se reserva el derecho de utilizar tecnolog\u00eda de cookies para reconocer a los Usuarios frecuentes, personalizar la experiencia de navegaci\u00f3n y recopilar informaci\u00f3n demogr\u00e1fica. Las cookies podr\u00e1n ser configuradas o bloqueadas por el Usuario a trav\u00e9s de su navegador, siguiendo las correspondientes instrucciones. <\/p>\n<h3>DECLARACIONES Y GARANT\u00cdAS<\/h3>\n<p>Los contenidos y servicios ofrecidos en el Espacio Web tienen car\u00e1cter meramente informativo. La empresa no garantiza la exactitud, fiabilidad o utilidad de los mismos salvo en los casos previstos por la legislaci\u00f3n aplicable. <\/p>\n<h3>MAYOR FORTALEZA<\/h3>\n<p>La empresa no ser\u00e1 responsable por interrupciones del servicio por casos de fuerza mayor o causas fuera de su control, como fallas el\u00e9ctricas, conflictos sociales o acciones gubernamentales.<\/p>\n<h3>RESOLUCI\u00d3N DE DISPUTAS, LEY APLICABLE Y JURISDICCI\u00d3N<\/h3>\n<p>Las presentes Condiciones Generales de Uso se rigen por la legislaci\u00f3n espa\u00f1ola. Cualquier controversia se resolver\u00e1 en los tribunales competentes. Si alguna cl\u00e1usula de estas condiciones fuera declarada inv\u00e1lida, ello no afectar\u00e1 a la validez del resto de disposiciones.  <\/p>\n<\/div>\n<\/div>\n<\/div>\n\t\t\t\t\t\t\t\t<\/div>\n\t\t\t\t<\/div>\n\t\t\t\t\t<\/div>\n\t\t\t\t<\/div>\n\t\t\t\t<\/div>\n\t\t","protected":false},"excerpt":{"rendered":"<p>Aviso Legal LEY DE LOS SERVICIOS DE LA SOCIEDAD DE LA INFORMACI\u00d3N (LSSI) El presente aviso legal (en adelante, el \u00abAviso Legal\u00bb) regula el uso del servicio del portal de Internet https:\/\/gonzalezecrespanavogados.com\/es\/ (en adelante, la \u00abWeb\u00bb) de Marta Isabel Gonz\u00e1lez Alonso y Fernando Cresp\u00e1n Conde (en adelante, la Sociedad) con domicilio social en Calle Rep\u00fablica [&hellip;]<\/p>\n","protected":false},"author":1,"featured_media":0,"parent":0,"menu_order":0,"comment_status":"closed","ping_status":"closed","template":"","meta":{"footnotes":""},"class_list":["post-587","page","type-page","status-publish","hentry"],"yoast_head":"<!-- This site is optimized with the Yoast SEO plugin v26.2 - https:\/\/yoast.com\/wordpress\/plugins\/seo\/ -->\n<title>Aviso legal - Gonzalez Crespan Avogados<\/title>\n<meta name=\"robots\" content=\"noindex, follow\" \/>\n<meta property=\"og:locale\" content=\"es_ES\" \/>\n<meta property=\"og:type\" content=\"article\" \/>\n<meta property=\"og:title\" content=\"Aviso legal - Gonzalez Crespan Avogados\" \/>\n<meta property=\"og:description\" content=\"Aviso Legal LEY DE LOS SERVICIOS DE LA SOCIEDAD DE LA INFORMACI\u00d3N (LSSI) El presente aviso legal (en adelante, el \u00abAviso Legal\u00bb) regula el uso del servicio del portal de Internet https:\/\/gonzalezecrespanavogados.com\/es\/ (en adelante, la \u00abWeb\u00bb) de Marta Isabel Gonz\u00e1lez Alonso y Fernando Cresp\u00e1n Conde (en adelante, la Sociedad) con domicilio social en Calle Rep\u00fablica [&hellip;]\" \/>\n<meta property=\"og:url\" content=\"https:\/\/gonzalezecrespanavogados.com\/es\/aviso-legal\/\" \/>\n<meta property=\"og:site_name\" content=\"Gonzalez Crespan Avogados\" \/>\n<meta property=\"article:modified_time\" content=\"2024-12-05T15:52:35+00:00\" \/>\n<meta property=\"og:image\" content=\"https:\/\/gonzalezecrespanavogados.com\/wp-content\/uploads\/2024\/12\/colaboracion.jpg\" \/>\n\t<meta property=\"og:image:width\" content=\"1280\" \/>\n\t<meta property=\"og:image:height\" content=\"850\" \/>\n\t<meta property=\"og:image:type\" content=\"image\/jpeg\" \/>\n<meta name=\"twitter:card\" content=\"summary_large_image\" \/>\n<meta name=\"twitter:label1\" content=\"Tiempo de lectura\" \/>\n\t<meta name=\"twitter:data1\" content=\"8 minutos\" \/>\n<script type=\"application\/ld+json\" class=\"yoast-schema-graph\">{\"@context\":\"https:\/\/schema.org\",\"@graph\":[{\"@type\":\"WebPage\",\"@id\":\"https:\/\/gonzalezecrespanavogados.com\/es\/aviso-legal\/\",\"url\":\"https:\/\/gonzalezecrespanavogados.com\/es\/aviso-legal\/\",\"name\":\"Aviso legal - Gonzalez Crespan Avogados\",\"isPartOf\":{\"@id\":\"https:\/\/gonzalezecrespanavogados.com\/es\/#website\"},\"datePublished\":\"2024-11-19T08:30:25+00:00\",\"dateModified\":\"2024-12-05T15:52:35+00:00\",\"breadcrumb\":{\"@id\":\"https:\/\/gonzalezecrespanavogados.com\/es\/aviso-legal\/#breadcrumb\"},\"inLanguage\":\"es\",\"potentialAction\":[{\"@type\":\"ReadAction\",\"target\":[\"https:\/\/gonzalezecrespanavogados.com\/es\/aviso-legal\/\"]}]},{\"@type\":\"BreadcrumbList\",\"@id\":\"https:\/\/gonzalezecrespanavogados.com\/es\/aviso-legal\/#breadcrumb\",\"itemListElement\":[{\"@type\":\"ListItem\",\"position\":1,\"name\":\"Inicio\",\"item\":\"https:\/\/gonzalezecrespanavogados.com\/es\/\"},{\"@type\":\"ListItem\",\"position\":2,\"name\":\"Aviso legal\"}]},{\"@type\":\"WebSite\",\"@id\":\"https:\/\/gonzalezecrespanavogados.com\/es\/#website\",\"url\":\"https:\/\/gonzalezecrespanavogados.com\/es\/\",\"name\":\"Gonz\u00e1lez Cresp\u00e1n Avogados\",\"description\":\"Un equipo de Abogados con m\u00e1s de 25 a\u00f1os de experiencia profesional.\",\"publisher\":{\"@id\":\"https:\/\/gonzalezecrespanavogados.com\/es\/#organization\"},\"potentialAction\":[{\"@type\":\"SearchAction\",\"target\":{\"@type\":\"EntryPoint\",\"urlTemplate\":\"https:\/\/gonzalezecrespanavogados.com\/es\/?s={search_term_string}\"},\"query-input\":{\"@type\":\"PropertyValueSpecification\",\"valueRequired\":true,\"valueName\":\"search_term_string\"}}],\"inLanguage\":\"es\"},{\"@type\":\"Organization\",\"@id\":\"https:\/\/gonzalezecrespanavogados.com\/es\/#organization\",\"name\":\"Gonz\u00e1lez Cresp\u00e1n Avogados\",\"url\":\"https:\/\/gonzalezecrespanavogados.com\/es\/\",\"logo\":{\"@type\":\"ImageObject\",\"inLanguage\":\"es\",\"@id\":\"https:\/\/gonzalezecrespanavogados.com\/es\/#\/schema\/logo\/image\/\",\"url\":\"https:\/\/gonzalezecrespanavogados.com\/wp-content\/uploads\/2024\/11\/logo.png\",\"contentUrl\":\"https:\/\/gonzalezecrespanavogados.com\/wp-content\/uploads\/2024\/11\/logo.png\",\"width\":378,\"height\":222,\"caption\":\"Gonz\u00e1lez Cresp\u00e1n Avogados\"},\"image\":{\"@id\":\"https:\/\/gonzalezecrespanavogados.com\/es\/#\/schema\/logo\/image\/\"}}]}<\/script>\n<!-- \/ Yoast SEO plugin. -->","yoast_head_json":{"title":"Aviso legal - Gonzalez Crespan Avogados","robots":{"index":"noindex","follow":"follow"},"og_locale":"es_ES","og_type":"article","og_title":"Aviso legal - Gonzalez Crespan Avogados","og_description":"Aviso Legal LEY DE LOS SERVICIOS DE LA SOCIEDAD DE LA INFORMACI\u00d3N (LSSI) El presente aviso legal (en adelante, el \u00abAviso Legal\u00bb) regula el uso del servicio del portal de Internet https:\/\/gonzalezecrespanavogados.com\/es\/ (en adelante, la \u00abWeb\u00bb) de Marta Isabel Gonz\u00e1lez Alonso y Fernando Cresp\u00e1n Conde (en adelante, la Sociedad) con domicilio social en Calle Rep\u00fablica [&hellip;]","og_url":"https:\/\/gonzalezecrespanavogados.com\/es\/aviso-legal\/","og_site_name":"Gonzalez Crespan Avogados","article_modified_time":"2024-12-05T15:52:35+00:00","og_image":[{"width":1280,"height":850,"url":"https:\/\/gonzalezecrespanavogados.com\/wp-content\/uploads\/2024\/12\/colaboracion.jpg","type":"image\/jpeg"}],"twitter_card":"summary_large_image","twitter_misc":{"Tiempo de lectura":"8 minutos"},"schema":{"@context":"https:\/\/schema.org","@graph":[{"@type":"WebPage","@id":"https:\/\/gonzalezecrespanavogados.com\/es\/aviso-legal\/","url":"https:\/\/gonzalezecrespanavogados.com\/es\/aviso-legal\/","name":"Aviso legal - Gonzalez Crespan Avogados","isPartOf":{"@id":"https:\/\/gonzalezecrespanavogados.com\/es\/#website"},"datePublished":"2024-11-19T08:30:25+00:00","dateModified":"2024-12-05T15:52:35+00:00","breadcrumb":{"@id":"https:\/\/gonzalezecrespanavogados.com\/es\/aviso-legal\/#breadcrumb"},"inLanguage":"es","potentialAction":[{"@type":"ReadAction","target":["https:\/\/gonzalezecrespanavogados.com\/es\/aviso-legal\/"]}]},{"@type":"BreadcrumbList","@id":"https:\/\/gonzalezecrespanavogados.com\/es\/aviso-legal\/#breadcrumb","itemListElement":[{"@type":"ListItem","position":1,"name":"Inicio","item":"https:\/\/gonzalezecrespanavogados.com\/es\/"},{"@type":"ListItem","position":2,"name":"Aviso legal"}]},{"@type":"WebSite","@id":"https:\/\/gonzalezecrespanavogados.com\/es\/#website","url":"https:\/\/gonzalezecrespanavogados.com\/es\/","name":"Gonz\u00e1lez Cresp\u00e1n Avogados","description":"Un equipo de Abogados con m\u00e1s de 25 a\u00f1os de experiencia profesional.","publisher":{"@id":"https:\/\/gonzalezecrespanavogados.com\/es\/#organization"},"potentialAction":[{"@type":"SearchAction","target":{"@type":"EntryPoint","urlTemplate":"https:\/\/gonzalezecrespanavogados.com\/es\/?s={search_term_string}"},"query-input":{"@type":"PropertyValueSpecification","valueRequired":true,"valueName":"search_term_string"}}],"inLanguage":"es"},{"@type":"Organization","@id":"https:\/\/gonzalezecrespanavogados.com\/es\/#organization","name":"Gonz\u00e1lez Cresp\u00e1n Avogados","url":"https:\/\/gonzalezecrespanavogados.com\/es\/","logo":{"@type":"ImageObject","inLanguage":"es","@id":"https:\/\/gonzalezecrespanavogados.com\/es\/#\/schema\/logo\/image\/","url":"https:\/\/gonzalezecrespanavogados.com\/wp-content\/uploads\/2024\/11\/logo.png","contentUrl":"https:\/\/gonzalezecrespanavogados.com\/wp-content\/uploads\/2024\/11\/logo.png","width":378,"height":222,"caption":"Gonz\u00e1lez Cresp\u00e1n Avogados"},"image":{"@id":"https:\/\/gonzalezecrespanavogados.com\/es\/#\/schema\/logo\/image\/"}}]}},"_links":{"self":[{"href":"https:\/\/gonzalezecrespanavogados.com\/es\/wp-json\/wp\/v2\/pages\/587","targetHints":{"allow":["GET"]}}],"collection":[{"href":"https:\/\/gonzalezecrespanavogados.com\/es\/wp-json\/wp\/v2\/pages"}],"about":[{"href":"https:\/\/gonzalezecrespanavogados.com\/es\/wp-json\/wp\/v2\/types\/page"}],"author":[{"embeddable":true,"href":"https:\/\/gonzalezecrespanavogados.com\/es\/wp-json\/wp\/v2\/users\/1"}],"replies":[{"embeddable":true,"href":"https:\/\/gonzalezecrespanavogados.com\/es\/wp-json\/wp\/v2\/comments?post=587"}],"version-history":[{"count":3,"href":"https:\/\/gonzalezecrespanavogados.com\/es\/wp-json\/wp\/v2\/pages\/587\/revisions"}],"predecessor-version":[{"id":753,"href":"https:\/\/gonzalezecrespanavogados.com\/es\/wp-json\/wp\/v2\/pages\/587\/revisions\/753"}],"wp:attachment":[{"href":"https:\/\/gonzalezecrespanavogados.com\/es\/wp-json\/wp\/v2\/media?parent=587"}],"curies":[{"name":"wp","href":"https:\/\/api.w.org\/{rel}","templated":true}]}}