{"id":515,"date":"2024-11-19T09:58:32","date_gmt":"2024-11-19T08:58:32","guid":{"rendered":"https:\/\/gonzalezecrespanavogados.com\/politica-de-privacidad\/"},"modified":"2024-12-05T16:52:04","modified_gmt":"2024-12-05T15:52:04","slug":"politica-de-privacidad","status":"publish","type":"page","link":"https:\/\/gonzalezecrespanavogados.com\/es\/politica-de-privacidad\/","title":{"rendered":"Pol\u00edtica de privacidad"},"content":{"rendered":"\t\t<div data-elementor-type=\"wp-page\" data-elementor-id=\"515\" class=\"elementor elementor-515 elementor-331\" data-elementor-post-type=\"page\">\n\t\t\t\t<div class=\"elementor-element elementor-element-4d57515 e-flex e-con-boxed e-con e-parent\" data-id=\"4d57515\" data-element_type=\"container\" data-e-type=\"container\">\n\t\t\t\t\t<div class=\"e-con-inner\">\n\t\t\t\t<div class=\"elementor-element elementor-element-90f4071 elementor-widget elementor-widget-text-editor\" data-id=\"90f4071\" data-element_type=\"widget\" data-e-type=\"widget\" data-widget_type=\"text-editor.default\">\n\t\t\t\t<div class=\"elementor-widget-container\">\n\t\t\t\t\t\t\t\t\t<h2>Pol\u00edtica de privacidad<\/h2>\n<p>En esta Pol\u00edtica de Privacidad describimos c\u00f3mo recopilamos sus datos personales, por qu\u00e9 los recopilamos, qu\u00e9 hacemos con ellos, con qui\u00e9n los compartimos, c\u00f3mo los protegemos y sus opciones respecto al tratamiento de sus datos personales.<\/p>\n<p>Esta pol\u00edtica se aplica al tratamiento de sus datos personales recopilados por la empresa para la prestaci\u00f3n de sus servicios. Al aceptar las medidas de esta pol\u00edtica, est\u00e1 aceptando que tratemos sus datos personales seg\u00fan se define en esta pol\u00edtica. <\/p>\n<h3>CONTACTO:<\/h3>\n<ul>\n<li><strong>Marta Isabel Gonzalez Alonso<\/strong>\n<ul>\n<li>Domicilio social: Calle Rep\u00fablica Argentina 25 2\u00ba Izquierda 36201 Vigo (Pontevedra).<\/li>\n<li>Tel\u00e9fono: 609493890<\/li>\n<li>Email: mgonzalez@icavigo.es<\/li>\n<\/ul>\n<\/li>\n<li><strong>Fernando Cresp\u00e1n Conde<\/strong>\n<ul>\n<li>Domicilio social: Calle Rep\u00fablica Argentina 25 2\u00ba Izquierda 36201 Vigo (Pontevedra).<\/li>\n<li>Tel\u00e9fono: 627650779<\/li>\n<li>Email: fercrespan@gmail.com<\/li>\n<\/ul>\n<\/li>\n<\/ul>\n<h3>PRINCIPIOS CLAVE<\/h3>\n<p>Siempre estuvimos comprometidos en prestar nuestros servicios con el m\u00e1s alto grado de calidad, lo que incluye tratar sus datos con seguridad y transparencia. Nuestros principios son: <\/p>\n<ul>\n<li><strong>Legalidad:<\/strong> S\u00f3lo recopilaremos sus datos personales para fines espec\u00edficos, expl\u00edcitos y leg\u00edtimos.<\/li>\n<li><strong>Minimizaci\u00f3n de datos:<\/strong> Limitamos la recogida de datos de car\u00e1cter personal a lo que es estrictamente relevante y necesario para los fines para los que se recopilan.<\/li>\n<li><strong>Limitaci\u00f3n de la finalidad:<\/strong> S\u00f3lo recopilaremos sus datos personales para los fines declarados y segundo sus preferencias.<\/li>\n<li><strong>Precisi\u00f3n:<\/strong> Mantendremos sus datos personales exactos y actualizados.<\/li>\n<li><strong>Seguridad de los datos: <\/strong>Aplicamos las medidas t\u00e9cnicas y organizativas adecuadas y proporcionales a los riesgos para garantizar que sus datos no sufran da\u00f1os, como divulgaci\u00f3n o acceso no autorizado, destrucci\u00f3n accidental o il\u00edcita, p\u00e9rdida accidental o alteraci\u00f3n, y cualquiera otra forma de tratamiento il\u00edcito.<\/li>\n<li><strong>Acceso y rectificaci\u00f3n: <\/strong>Ponemos a su disposici\u00f3n medios para que acceda o rectifique sus datos cuando lo considere oportuno.<\/li>\n<li><strong>Conservaci\u00f3n:<\/strong> Conservamos sus datos personales de forma legal y adecuada y s\u00f3lo durante el tiempo necesario para los fines para los que fueron recopilados.<\/li>\n<li><strong>Transferencias internacionales: <\/strong>Cuando sus datos sean transferidos fuera de la UE\/EEE, se proteger\u00e1n adecuadamente.<\/li>\n<li><strong>Terceros:<\/strong> El acceso y transferencia de datos personales a terceros se realizan de acuerdo con las leyes aplicables y con garant\u00edas contractuales adecuadas.<\/li>\n<li><strong>Marketing directo y cookies: <\/strong>Cumplimos con la legislaci\u00f3n aplicable en materia de publicidad y cookies.<\/li>\n<\/ul>\n<h3>RECOGIDA Y TRATAMIENTO DE SUS DATOS PERSONALES<\/h3>\n<p>Los tipos de datos que se solicitan y tratan son:<\/p>\n<ul>\n<li>Datos de car\u00e1cter identificativo, de caracter\u00edsticas personales y de circunstancias sociales.<\/li>\n<li>Datos econ\u00f3micos, de ser el caso.<\/li>\n<\/ul>\n<p>Adem\u00e1s, recopilamos autom\u00e1ticamente datos sobre su visita a nuestro sitio web, seg\u00fan se describe en la secci\u00f3n Uso de cookies.<\/p>\n<p>Siempre que solicitemos sus datos personales, le informaremos con claridad de cales datos recopilamos y para que finalidad. En general, recopilamos y tratamos sus datos personales para: <\/p>\n<ul>\n<li>Proporcionar informaci\u00f3n sobre nuestros productos y servicios.<\/li>\n<li>Prestar nuestros servicios.<\/li>\n<li>Responder a sus consultas y solicitudes.<\/li>\n<\/ul>\n<h3>LEGITIMIDAD<\/h3>\n<p>De acuerdo con la normativa de protecci\u00f3n de datos aplicable, sus datos personales pueden procesarse se:<\/p>\n<ul>\n<li>Dio su consentimiento para los efectos del tratamiento. Puede retirar su consentimiento en cualquier momento. <\/li>\n<li>Es necesario para la prestaci\u00f3n de cualquiera de nuestros servicios mediante una relaci\u00f3n contractual.<\/li>\n<li>El tratamiento responde a un inter\u00e9s leg\u00edtimo que no menoscaba sus derechos de privacidad, interese que se comunicar\u00e1 debidamente en el aviso de privacidad relacionado.<\/li>\n<li>Es requerido por la ley.<\/li>\n<\/ul>\n<h3>SUS DERECHOS<\/h3>\n<p>En relaci\u00f3n con la recogida y tratamiento de sus datos personales, puede contactar con nosotros en cualquier momento para:<\/p>\n<ul>\n<li>Saber se tratamos sus datos personales.<\/li>\n<li>Acceder a sus datos y a cualquiera otra informaci\u00f3n indicada en el Art\u00edculo 15.1 del RGPD.<\/li>\n<li>Rectificar datos que sean inexactos o incompletos seg\u00fan el Art\u00edculo 16 del RGPD.<\/li>\n<li>Suprimir sus datos segundo el Art\u00edculo 17 del RGPD.<\/li>\n<li>Limitar el tratamiento de sus datos segundo el Art\u00edculo 18 del RGPD.<\/li>\n<li>Solicitar la portabilidad de sus datos segundo el Art\u00edculo 20 del RGPD.<\/li>\n<li>Oponerse al tratamiento de sus datos segundo el Art\u00edculo 21 del RGPD.<\/li>\n<\/ul>\n<p>Si ha dado su consentimiento para una finalidad concreta, tiene derecho a retirarlo en cualquier momento sin que ello afecte a la licitud del tratamiento anterior. Para ejercer sus derechos, puede enviarnos una comunicaci\u00f3n a <strong><a rel=\"noopener\">info@gonzalezecrespanavogados.com<\/a><\/strong> . <\/p>\n<h3>INFORMACI\u00d3N LEGAL<\/h3>\n<p>Los requisitos de esta Pol\u00edtica complementan, y no sustituyen, cualquiera otro requisito bajo la ley de protecci\u00f3n de datos aplicable, que prevalecer\u00e1 en cualquiera caso.<\/p>\n<p>Esta Pol\u00edtica est\u00e1 sujeta la revisiones peri\u00f3dicas, y la empresa puede modificarla en cualquier momento. Cuando esto acontezca, informar\u00e1 de los cambios y le solicitar\u00e1 que l\u00e9ela la versi\u00f3n m\u00e1s reciente y confirme su aceptaci\u00f3n. <\/p>\n\t\t\t\t\t\t\t\t<\/div>\n\t\t\t\t<\/div>\n\t\t\t\t\t<\/div>\n\t\t\t\t<\/div>\n\t\t\t\t<\/div>\n\t\t","protected":false},"excerpt":{"rendered":"<p>Pol\u00edtica de privacidad En esta Pol\u00edtica de Privacidad describimos c\u00f3mo recopilamos sus datos personales, por qu\u00e9 los recopilamos, qu\u00e9 hacemos con ellos, con qui\u00e9n los compartimos, c\u00f3mo los protegemos y sus opciones respecto al tratamiento de sus datos personales. Esta pol\u00edtica se aplica al tratamiento de sus datos personales recopilados por la empresa para la [&hellip;]<\/p>\n","protected":false},"author":1,"featured_media":0,"parent":0,"menu_order":0,"comment_status":"closed","ping_status":"closed","template":"","meta":{"footnotes":""},"class_list":["post-515","page","type-page","status-publish","hentry"],"yoast_head":"<!-- This site is optimized with the Yoast SEO plugin v26.2 - https:\/\/yoast.com\/wordpress\/plugins\/seo\/ -->\n<title>Pol\u00edtica de privacidad - Gonzalez Crespan Avogados<\/title>\n<meta name=\"robots\" content=\"index, follow, max-snippet:-1, max-image-preview:large, max-video-preview:-1\" \/>\n<link rel=\"canonical\" href=\"https:\/\/gonzalezecrespanavogados.com\/es\/politica-de-privacidad\/\" \/>\n<meta property=\"og:locale\" content=\"es_ES\" \/>\n<meta property=\"og:type\" content=\"article\" \/>\n<meta property=\"og:title\" content=\"Pol\u00edtica de privacidad - Gonzalez Crespan Avogados\" \/>\n<meta property=\"og:description\" content=\"Pol\u00edtica de privacidad En esta Pol\u00edtica de Privacidad describimos c\u00f3mo recopilamos sus datos personales, por qu\u00e9 los recopilamos, qu\u00e9 hacemos con ellos, con qui\u00e9n los compartimos, c\u00f3mo los protegemos y sus opciones respecto al tratamiento de sus datos personales. Esta pol\u00edtica se aplica al tratamiento de sus datos personales recopilados por la empresa para la [&hellip;]\" \/>\n<meta property=\"og:url\" content=\"https:\/\/gonzalezecrespanavogados.com\/es\/politica-de-privacidad\/\" \/>\n<meta property=\"og:site_name\" content=\"Gonzalez Crespan Avogados\" \/>\n<meta property=\"article:modified_time\" content=\"2024-12-05T15:52:04+00:00\" \/>\n<meta property=\"og:image\" content=\"https:\/\/gonzalezecrespanavogados.com\/wp-content\/uploads\/2024\/12\/colaboracion.jpg\" \/>\n\t<meta property=\"og:image:width\" content=\"1280\" \/>\n\t<meta property=\"og:image:height\" content=\"850\" \/>\n\t<meta property=\"og:image:type\" content=\"image\/jpeg\" \/>\n<meta name=\"twitter:card\" content=\"summary_large_image\" \/>\n<meta name=\"twitter:label1\" content=\"Tiempo de lectura\" \/>\n\t<meta name=\"twitter:data1\" content=\"4 minutos\" \/>\n<script type=\"application\/ld+json\" class=\"yoast-schema-graph\">{\"@context\":\"https:\/\/schema.org\",\"@graph\":[{\"@type\":\"WebPage\",\"@id\":\"https:\/\/gonzalezecrespanavogados.com\/es\/politica-de-privacidad\/\",\"url\":\"https:\/\/gonzalezecrespanavogados.com\/es\/politica-de-privacidad\/\",\"name\":\"Pol\u00edtica de privacidad - Gonzalez Crespan Avogados\",\"isPartOf\":{\"@id\":\"https:\/\/gonzalezecrespanavogados.com\/es\/#website\"},\"datePublished\":\"2024-11-19T08:58:32+00:00\",\"dateModified\":\"2024-12-05T15:52:04+00:00\",\"breadcrumb\":{\"@id\":\"https:\/\/gonzalezecrespanavogados.com\/es\/politica-de-privacidad\/#breadcrumb\"},\"inLanguage\":\"es\",\"potentialAction\":[{\"@type\":\"ReadAction\",\"target\":[\"https:\/\/gonzalezecrespanavogados.com\/es\/politica-de-privacidad\/\"]}]},{\"@type\":\"BreadcrumbList\",\"@id\":\"https:\/\/gonzalezecrespanavogados.com\/es\/politica-de-privacidad\/#breadcrumb\",\"itemListElement\":[{\"@type\":\"ListItem\",\"position\":1,\"name\":\"Inicio\",\"item\":\"https:\/\/gonzalezecrespanavogados.com\/es\/\"},{\"@type\":\"ListItem\",\"position\":2,\"name\":\"Pol\u00edtica de privacidad\"}]},{\"@type\":\"WebSite\",\"@id\":\"https:\/\/gonzalezecrespanavogados.com\/es\/#website\",\"url\":\"https:\/\/gonzalezecrespanavogados.com\/es\/\",\"name\":\"Gonz\u00e1lez Cresp\u00e1n Avogados\",\"description\":\"Un equipo de Abogados con m\u00e1s de 25 a\u00f1os de experiencia profesional.\",\"publisher\":{\"@id\":\"https:\/\/gonzalezecrespanavogados.com\/es\/#organization\"},\"potentialAction\":[{\"@type\":\"SearchAction\",\"target\":{\"@type\":\"EntryPoint\",\"urlTemplate\":\"https:\/\/gonzalezecrespanavogados.com\/es\/?s={search_term_string}\"},\"query-input\":{\"@type\":\"PropertyValueSpecification\",\"valueRequired\":true,\"valueName\":\"search_term_string\"}}],\"inLanguage\":\"es\"},{\"@type\":\"Organization\",\"@id\":\"https:\/\/gonzalezecrespanavogados.com\/es\/#organization\",\"name\":\"Gonz\u00e1lez Cresp\u00e1n Avogados\",\"url\":\"https:\/\/gonzalezecrespanavogados.com\/es\/\",\"logo\":{\"@type\":\"ImageObject\",\"inLanguage\":\"es\",\"@id\":\"https:\/\/gonzalezecrespanavogados.com\/es\/#\/schema\/logo\/image\/\",\"url\":\"https:\/\/gonzalezecrespanavogados.com\/wp-content\/uploads\/2024\/11\/logo.png\",\"contentUrl\":\"https:\/\/gonzalezecrespanavogados.com\/wp-content\/uploads\/2024\/11\/logo.png\",\"width\":378,\"height\":222,\"caption\":\"Gonz\u00e1lez Cresp\u00e1n Avogados\"},\"image\":{\"@id\":\"https:\/\/gonzalezecrespanavogados.com\/es\/#\/schema\/logo\/image\/\"}}]}<\/script>\n<!-- \/ Yoast SEO plugin. -->","yoast_head_json":{"title":"Pol\u00edtica de privacidad - Gonzalez Crespan Avogados","robots":{"index":"index","follow":"follow","max-snippet":"max-snippet:-1","max-image-preview":"max-image-preview:large","max-video-preview":"max-video-preview:-1"},"canonical":"https:\/\/gonzalezecrespanavogados.com\/es\/politica-de-privacidad\/","og_locale":"es_ES","og_type":"article","og_title":"Pol\u00edtica de privacidad - Gonzalez Crespan Avogados","og_description":"Pol\u00edtica de privacidad En esta Pol\u00edtica de Privacidad describimos c\u00f3mo recopilamos sus datos personales, por qu\u00e9 los recopilamos, qu\u00e9 hacemos con ellos, con qui\u00e9n los compartimos, c\u00f3mo los protegemos y sus opciones respecto al tratamiento de sus datos personales. Esta pol\u00edtica se aplica al tratamiento de sus datos personales recopilados por la empresa para la [&hellip;]","og_url":"https:\/\/gonzalezecrespanavogados.com\/es\/politica-de-privacidad\/","og_site_name":"Gonzalez Crespan Avogados","article_modified_time":"2024-12-05T15:52:04+00:00","og_image":[{"width":1280,"height":850,"url":"https:\/\/gonzalezecrespanavogados.com\/wp-content\/uploads\/2024\/12\/colaboracion.jpg","type":"image\/jpeg"}],"twitter_card":"summary_large_image","twitter_misc":{"Tiempo de lectura":"4 minutos"},"schema":{"@context":"https:\/\/schema.org","@graph":[{"@type":"WebPage","@id":"https:\/\/gonzalezecrespanavogados.com\/es\/politica-de-privacidad\/","url":"https:\/\/gonzalezecrespanavogados.com\/es\/politica-de-privacidad\/","name":"Pol\u00edtica de privacidad - Gonzalez Crespan Avogados","isPartOf":{"@id":"https:\/\/gonzalezecrespanavogados.com\/es\/#website"},"datePublished":"2024-11-19T08:58:32+00:00","dateModified":"2024-12-05T15:52:04+00:00","breadcrumb":{"@id":"https:\/\/gonzalezecrespanavogados.com\/es\/politica-de-privacidad\/#breadcrumb"},"inLanguage":"es","potentialAction":[{"@type":"ReadAction","target":["https:\/\/gonzalezecrespanavogados.com\/es\/politica-de-privacidad\/"]}]},{"@type":"BreadcrumbList","@id":"https:\/\/gonzalezecrespanavogados.com\/es\/politica-de-privacidad\/#breadcrumb","itemListElement":[{"@type":"ListItem","position":1,"name":"Inicio","item":"https:\/\/gonzalezecrespanavogados.com\/es\/"},{"@type":"ListItem","position":2,"name":"Pol\u00edtica de privacidad"}]},{"@type":"WebSite","@id":"https:\/\/gonzalezecrespanavogados.com\/es\/#website","url":"https:\/\/gonzalezecrespanavogados.com\/es\/","name":"Gonz\u00e1lez Cresp\u00e1n Avogados","description":"Un equipo de Abogados con m\u00e1s de 25 a\u00f1os de experiencia profesional.","publisher":{"@id":"https:\/\/gonzalezecrespanavogados.com\/es\/#organization"},"potentialAction":[{"@type":"SearchAction","target":{"@type":"EntryPoint","urlTemplate":"https:\/\/gonzalezecrespanavogados.com\/es\/?s={search_term_string}"},"query-input":{"@type":"PropertyValueSpecification","valueRequired":true,"valueName":"search_term_string"}}],"inLanguage":"es"},{"@type":"Organization","@id":"https:\/\/gonzalezecrespanavogados.com\/es\/#organization","name":"Gonz\u00e1lez Cresp\u00e1n Avogados","url":"https:\/\/gonzalezecrespanavogados.com\/es\/","logo":{"@type":"ImageObject","inLanguage":"es","@id":"https:\/\/gonzalezecrespanavogados.com\/es\/#\/schema\/logo\/image\/","url":"https:\/\/gonzalezecrespanavogados.com\/wp-content\/uploads\/2024\/11\/logo.png","contentUrl":"https:\/\/gonzalezecrespanavogados.com\/wp-content\/uploads\/2024\/11\/logo.png","width":378,"height":222,"caption":"Gonz\u00e1lez Cresp\u00e1n Avogados"},"image":{"@id":"https:\/\/gonzalezecrespanavogados.com\/es\/#\/schema\/logo\/image\/"}}]}},"_links":{"self":[{"href":"https:\/\/gonzalezecrespanavogados.com\/es\/wp-json\/wp\/v2\/pages\/515","targetHints":{"allow":["GET"]}}],"collection":[{"href":"https:\/\/gonzalezecrespanavogados.com\/es\/wp-json\/wp\/v2\/pages"}],"about":[{"href":"https:\/\/gonzalezecrespanavogados.com\/es\/wp-json\/wp\/v2\/types\/page"}],"author":[{"embeddable":true,"href":"https:\/\/gonzalezecrespanavogados.com\/es\/wp-json\/wp\/v2\/users\/1"}],"replies":[{"embeddable":true,"href":"https:\/\/gonzalezecrespanavogados.com\/es\/wp-json\/wp\/v2\/comments?post=515"}],"version-history":[{"count":1,"href":"https:\/\/gonzalezecrespanavogados.com\/es\/wp-json\/wp\/v2\/pages\/515\/revisions"}],"predecessor-version":[{"id":516,"href":"https:\/\/gonzalezecrespanavogados.com\/es\/wp-json\/wp\/v2\/pages\/515\/revisions\/516"}],"wp:attachment":[{"href":"https:\/\/gonzalezecrespanavogados.com\/es\/wp-json\/wp\/v2\/media?parent=515"}],"curies":[{"name":"wp","href":"https:\/\/api.w.org\/{rel}","templated":true}]}}