{"id":421,"date":"2024-11-11T17:44:20","date_gmt":"2024-11-11T16:44:20","guid":{"rendered":"https:\/\/gonzalezecrespanavogados.com\/contacto\/"},"modified":"2024-12-05T16:59:36","modified_gmt":"2024-12-05T15:59:36","slug":"contacto","status":"publish","type":"page","link":"https:\/\/gonzalezecrespanavogados.com\/es\/contacto\/","title":{"rendered":"Contacto"},"content":{"rendered":"\t\t<div data-elementor-type=\"wp-page\" data-elementor-id=\"421\" class=\"elementor elementor-421 elementor-89\" data-elementor-post-type=\"page\">\n\t\t\t\t\t\t<section class=\"elementor-section elementor-top-section elementor-element elementor-element-49d941bd elementor-section-boxed elementor-section-height-default elementor-section-height-default\" data-id=\"49d941bd\" data-element_type=\"section\" data-e-type=\"section\" data-settings=\"{&quot;background_background&quot;:&quot;classic&quot;}\">\n\t\t\t\t\t\t\t<div class=\"elementor-background-overlay\"><\/div>\n\t\t\t\t\t\t\t<div class=\"elementor-container elementor-column-gap-default\">\n\t\t\t\t\t<div class=\"elementor-column elementor-col-100 elementor-top-column elementor-element elementor-element-306676ce\" data-id=\"306676ce\" data-element_type=\"column\" data-e-type=\"column\">\n\t\t\t<div class=\"elementor-widget-wrap elementor-element-populated\">\n\t\t\t\t\t\t<div class=\"elementor-element elementor-element-52aca327 elementor-widget elementor-widget-heading\" data-id=\"52aca327\" data-element_type=\"widget\" data-e-type=\"widget\" data-widget_type=\"heading.default\">\n\t\t\t\t<div class=\"elementor-widget-container\">\n\t\t\t\t\t<h1 class=\"elementor-heading-title elementor-size-default\">Contacto<\/h1>\t\t\t\t<\/div>\n\t\t\t\t<\/div>\n\t\t\t\t<div class=\"elementor-element elementor-element-460c0afb elementor-widget elementor-widget-heading\" data-id=\"460c0afb\" data-element_type=\"widget\" data-e-type=\"widget\" data-widget_type=\"heading.default\">\n\t\t\t\t<div class=\"elementor-widget-container\">\n\t\t\t\t\t<h4 class=\"elementor-heading-title elementor-size-default\">Inicie la conversaci\u00f3n para establecer una buena relaci\u00f3n y negocios.<\/h4>\t\t\t\t<\/div>\n\t\t\t\t<\/div>\n\t\t\t\t\t<\/div>\n\t\t<\/div>\n\t\t\t\t\t<\/div>\n\t\t<\/section>\n\t\t\t\t<section class=\"elementor-section elementor-top-section elementor-element elementor-element-352f13f3 elementor-section-boxed elementor-section-height-default elementor-section-height-default\" data-id=\"352f13f3\" data-element_type=\"section\" data-e-type=\"section\">\n\t\t\t\t\t\t\t<div class=\"elementor-background-overlay\"><\/div>\n\t\t\t\t\t\t\t<div class=\"elementor-container elementor-column-gap-default\">\n\t\t\t\t\t<div class=\"elementor-column elementor-col-100 elementor-top-column elementor-element elementor-element-8c41e5e\" data-id=\"8c41e5e\" data-element_type=\"column\" data-e-type=\"column\">\n\t\t\t<div class=\"elementor-widget-wrap elementor-element-populated\">\n\t\t\t\t\t\t<section class=\"elementor-section elementor-inner-section elementor-element elementor-element-465938f elementor-section-content-middle elementor-reverse-mobile elementor-section-boxed elementor-section-height-default elementor-section-height-default\" data-id=\"465938f\" data-element_type=\"section\" data-e-type=\"section\" data-settings=\"{&quot;background_background&quot;:&quot;classic&quot;}\">\n\t\t\t\t\t\t<div class=\"elementor-container elementor-column-gap-default\">\n\t\t\t\t\t<div class=\"elementor-column elementor-col-50 elementor-inner-column elementor-element elementor-element-68657f19 elementor-invisible\" data-id=\"68657f19\" data-element_type=\"column\" data-e-type=\"column\" data-settings=\"{&quot;animation&quot;:&quot;fadeInLeft&quot;}\">\n\t\t\t<div class=\"elementor-widget-wrap elementor-element-populated\">\n\t\t\t\t\t\t<div class=\"elementor-element elementor-element-686c7fb0 elementor-widget elementor-widget-google_maps\" data-id=\"686c7fb0\" data-element_type=\"widget\" data-e-type=\"widget\" data-widget_type=\"google_maps.default\">\n\t\t\t\t<div class=\"elementor-widget-container\">\n\t\t\t\t\t\t\t<div class=\"elementor-custom-embed\">\n\t\t\t<iframe loading=\"lazy\"\n\t\t\t\t\tsrc=\"https:\/\/maps.google.com\/maps?q=R%C3%BAa%20Rep%C3%BAblica%20Arxentina%2025%202%C2%BA%20Esquerda%2036201&#038;t=m&#038;z=16&#038;output=embed&#038;iwloc=near\"\n\t\t\t\t\ttitle=\"R\u00faa Rep\u00fablica Arxentina 25 2\u00ba Esquerda 36201\"\n\t\t\t\t\taria-label=\"R\u00faa Rep\u00fablica Arxentina 25 2\u00ba Esquerda 36201\"\n\t\t\t><\/iframe>\n\t\t<\/div>\n\t\t\t\t\t\t<\/div>\n\t\t\t\t<\/div>\n\t\t\t\t\t<\/div>\n\t\t<\/div>\n\t\t\t\t<div class=\"elementor-column elementor-col-50 elementor-inner-column elementor-element elementor-element-74c420ea elementor-invisible\" data-id=\"74c420ea\" data-element_type=\"column\" data-e-type=\"column\" data-settings=\"{&quot;animation&quot;:&quot;fadeInRight&quot;}\">\n\t\t\t<div class=\"elementor-widget-wrap elementor-element-populated\">\n\t\t\t\t\t\t<div class=\"elementor-element elementor-element-64b179ae elementor-widget elementor-widget-heading\" data-id=\"64b179ae\" data-element_type=\"widget\" data-e-type=\"widget\" data-widget_type=\"heading.default\">\n\t\t\t\t<div class=\"elementor-widget-container\">\n\t\t\t\t\t<h6 class=\"elementor-heading-title elementor-size-default\">Enviar un mensaje<\/h6>\t\t\t\t<\/div>\n\t\t\t\t<\/div>\n\t\t\t\t<div class=\"elementor-element elementor-element-5b980ed7 elementor-widget elementor-widget-heading\" data-id=\"5b980ed7\" data-element_type=\"widget\" data-e-type=\"widget\" data-widget_type=\"heading.default\">\n\t\t\t\t<div class=\"elementor-widget-container\">\n\t\t\t\t\t<h2 class=\"elementor-heading-title elementor-size-default\">Ponte en contacto para que podamos ayudarte<\/h2>\t\t\t\t<\/div>\n\t\t\t\t<\/div>\n\t\t\t\t<div class=\"elementor-element elementor-element-8fbc058 elementor-widget elementor-widget-form\" data-id=\"8fbc058\" data-element_type=\"widget\" data-e-type=\"widget\" data-settings=\"{&quot;step_next_label&quot;:&quot;Next&quot;,&quot;step_previous_label&quot;:&quot;Previous&quot;,&quot;button_width&quot;:&quot;100&quot;,&quot;step_type&quot;:&quot;number_text&quot;,&quot;step_icon_shape&quot;:&quot;circle&quot;}\" data-widget_type=\"form.default\">\n\t\t\t\t<div class=\"elementor-widget-container\">\n\t\t\t\t\t\t\t<form class=\"elementor-form\" method=\"post\" name=\"Contacto\" aria-label=\"Contacto\">\n\t\t\t<input type=\"hidden\" name=\"post_id\" value=\"421\"\/>\n\t\t\t<input type=\"hidden\" name=\"form_id\" value=\"8fbc058\"\/>\n\t\t\t<input type=\"hidden\" name=\"referer_title\" value=\"Contacto - Gonzalez Crespan Avogados\" \/>\n\n\t\t\t\t\t\t\t<input type=\"hidden\" name=\"queried_id\" value=\"421\"\/>\n\t\t\t\n\t\t\t<div class=\"elementor-form-fields-wrapper elementor-labels-above\">\n\t\t\t\t\t\t\t\t<div class=\"elementor-field-type-text elementor-field-group elementor-column elementor-field-group-name elementor-col-50 elementor-field-required elementor-mark-required\">\n\t\t\t\t\t\t\t\t\t\t\t\t<label for=\"form-field-name\" class=\"elementor-field-label\">\n\t\t\t\t\t\t\t\tNombre\t\t\t\t\t\t\t<\/label>\n\t\t\t\t\t\t\t\t\t\t\t\t\t\t<input size=\"1\" type=\"text\" name=\"form_fields[name]\" id=\"form-field-name\" class=\"elementor-field elementor-size-sm  elementor-field-textual\" placeholder=\"Nombre\" required=\"required\">\n\t\t\t\t\t\t\t\t\t\t\t<\/div>\n\t\t\t\t\t\t\t\t<div class=\"elementor-field-type-tel elementor-field-group elementor-column elementor-field-group-field_ec6313b elementor-col-50\">\n\t\t\t\t\t\t\t\t\t\t\t\t<label for=\"form-field-field_ec6313b\" class=\"elementor-field-label\">\n\t\t\t\t\t\t\t\tTel\u00e9fono\t\t\t\t\t\t\t<\/label>\n\t\t\t\t\t\t\t\t<input size=\"1\" type=\"tel\" name=\"form_fields[field_ec6313b]\" id=\"form-field-field_ec6313b\" class=\"elementor-field elementor-size-sm  elementor-field-textual\" placeholder=\"Tel\u00e9fono\" pattern=\"[0-9()#&amp;+*-=.]+\" title=\"Only numbers and phone characters (#, -, *, etc) are accepted.\">\n\n\t\t\t\t\t\t<\/div>\n\t\t\t\t\t\t\t\t<div class=\"elementor-field-type-email elementor-field-group elementor-column elementor-field-group-email elementor-col-100 elementor-field-required elementor-mark-required\">\n\t\t\t\t\t\t\t\t\t\t\t\t<label for=\"form-field-email\" class=\"elementor-field-label\">\n\t\t\t\t\t\t\t\tCorreo electr\u00f3nico\t\t\t\t\t\t\t<\/label>\n\t\t\t\t\t\t\t\t\t\t\t\t\t\t<input size=\"1\" type=\"email\" name=\"form_fields[email]\" id=\"form-field-email\" class=\"elementor-field elementor-size-sm  elementor-field-textual\" placeholder=\"Correo electr\u00f3nico\" required=\"required\">\n\t\t\t\t\t\t\t\t\t\t\t<\/div>\n\t\t\t\t\t\t\t\t<div class=\"elementor-field-type-text elementor-field-group elementor-column elementor-field-group-field_79a875a elementor-col-100 elementor-field-required elementor-mark-required\">\n\t\t\t\t\t\t\t\t\t\t\t\t<label for=\"form-field-field_79a875a\" class=\"elementor-field-label\">\n\t\t\t\t\t\t\t\tAsunto\t\t\t\t\t\t\t<\/label>\n\t\t\t\t\t\t\t\t\t\t\t\t\t\t<input size=\"1\" type=\"text\" name=\"form_fields[field_79a875a]\" id=\"form-field-field_79a875a\" class=\"elementor-field elementor-size-sm  elementor-field-textual\" placeholder=\"Asunto\" required=\"required\">\n\t\t\t\t\t\t\t\t\t\t\t<\/div>\n\t\t\t\t\t\t\t\t<div class=\"elementor-field-type-textarea elementor-field-group elementor-column elementor-field-group-message elementor-col-100\">\n\t\t\t\t\t\t\t\t\t\t\t\t<label for=\"form-field-message\" class=\"elementor-field-label\">\n\t\t\t\t\t\t\t\tMensaje\t\t\t\t\t\t\t<\/label>\n\t\t\t\t\t\t<textarea class=\"elementor-field-textual elementor-field  elementor-size-sm\" name=\"form_fields[message]\" id=\"form-field-message\" rows=\"4\" placeholder=\"Mensaje\"><\/textarea>\t\t\t\t<\/div>\n\t\t\t\t\t\t\t\t<div class=\"elementor-field-group elementor-column elementor-field-type-submit elementor-col-100 e-form__buttons\">\n\t\t\t\t\t<button class=\"elementor-button elementor-size-sm\" type=\"submit\">\n\t\t\t\t\t\t<span class=\"elementor-button-content-wrapper\">\n\t\t\t\t\t\t\t\t\t\t\t\t\t\t\t\t\t\t\t\t\t\t<span class=\"elementor-button-text\">Enviar mensaje<\/span>\n\t\t\t\t\t\t\t\t\t\t\t\t\t<\/span>\n\t\t\t\t\t<\/button>\n\t\t\t\t<\/div>\n\t\t\t<\/div>\n\t\t<\/form>\n\t\t\t\t\t\t<\/div>\n\t\t\t\t<\/div>\n\t\t\t\t\t<\/div>\n\t\t<\/div>\n\t\t\t\t\t<\/div>\n\t\t<\/section>\n\t\t\t\t\t<\/div>\n\t\t<\/div>\n\t\t\t\t\t<\/div>\n\t\t<\/section>\n\t\t\t\t<\/div>\n\t\t","protected":false},"excerpt":{"rendered":"<p>Inicie la conversaci\u00f3n para establecer una buena relaci\u00f3n y negocios. Enviar un mensaje Ponte en contacto para que podamos ayudarte<\/p>\n","protected":false},"author":1,"featured_media":0,"parent":0,"menu_order":0,"comment_status":"closed","ping_status":"closed","template":"","meta":{"footnotes":""},"class_list":["post-421","page","type-page","status-publish","hentry"],"yoast_head":"<!-- This site is optimized with the Yoast SEO plugin v26.2 - https:\/\/yoast.com\/wordpress\/plugins\/seo\/ -->\n<title>Contacto - Gonzalez Crespan Avogados<\/title>\n<meta name=\"description\" content=\"Resoluci\u00f3n de casos legales con experiencia y confianza. Contacte ahora para una consulta sin compromiso. Estamos aqu\u00ed para ayudarle.\" \/>\n<meta name=\"robots\" content=\"index, follow, max-snippet:-1, max-image-preview:large, max-video-preview:-1\" \/>\n<link rel=\"canonical\" href=\"https:\/\/gonzalezecrespanavogados.com\/es\/contacto\/\" \/>\n<meta property=\"og:locale\" content=\"es_ES\" \/>\n<meta property=\"og:type\" content=\"article\" \/>\n<meta property=\"og:title\" content=\"Contacto - Gonzalez Crespan Avogados\" \/>\n<meta property=\"og:description\" content=\"Resoluci\u00f3n de casos legales con experiencia y confianza. Contacte ahora para una consulta sin compromiso. Estamos aqu\u00ed para ayudarle.\" \/>\n<meta property=\"og:url\" content=\"https:\/\/gonzalezecrespanavogados.com\/es\/contacto\/\" \/>\n<meta property=\"og:site_name\" content=\"Gonzalez Crespan Avogados\" \/>\n<meta property=\"article:modified_time\" content=\"2024-12-05T15:59:36+00:00\" \/>\n<meta property=\"og:image\" content=\"https:\/\/gonzalezecrespanavogados.com\/wp-content\/uploads\/2024\/12\/colaboracion.jpg\" \/>\n\t<meta property=\"og:image:width\" content=\"1280\" \/>\n\t<meta property=\"og:image:height\" content=\"850\" \/>\n\t<meta property=\"og:image:type\" content=\"image\/jpeg\" \/>\n<meta name=\"twitter:card\" content=\"summary_large_image\" \/>\n<script type=\"application\/ld+json\" class=\"yoast-schema-graph\">{\"@context\":\"https:\/\/schema.org\",\"@graph\":[{\"@type\":\"WebPage\",\"@id\":\"https:\/\/gonzalezecrespanavogados.com\/es\/contacto\/\",\"url\":\"https:\/\/gonzalezecrespanavogados.com\/es\/contacto\/\",\"name\":\"Contacto - Gonzalez Crespan Avogados\",\"isPartOf\":{\"@id\":\"https:\/\/gonzalezecrespanavogados.com\/es\/#website\"},\"datePublished\":\"2024-11-11T16:44:20+00:00\",\"dateModified\":\"2024-12-05T15:59:36+00:00\",\"description\":\"Resoluci\u00f3n de casos legales con experiencia y confianza. Contacte ahora para una consulta sin compromiso. Estamos aqu\u00ed para ayudarle.\",\"breadcrumb\":{\"@id\":\"https:\/\/gonzalezecrespanavogados.com\/es\/contacto\/#breadcrumb\"},\"inLanguage\":\"es\",\"potentialAction\":[{\"@type\":\"ReadAction\",\"target\":[\"https:\/\/gonzalezecrespanavogados.com\/es\/contacto\/\"]}]},{\"@type\":\"BreadcrumbList\",\"@id\":\"https:\/\/gonzalezecrespanavogados.com\/es\/contacto\/#breadcrumb\",\"itemListElement\":[{\"@type\":\"ListItem\",\"position\":1,\"name\":\"Inicio\",\"item\":\"https:\/\/gonzalezecrespanavogados.com\/es\/\"},{\"@type\":\"ListItem\",\"position\":2,\"name\":\"Contacto\"}]},{\"@type\":\"WebSite\",\"@id\":\"https:\/\/gonzalezecrespanavogados.com\/es\/#website\",\"url\":\"https:\/\/gonzalezecrespanavogados.com\/es\/\",\"name\":\"Gonz\u00e1lez Cresp\u00e1n Avogados\",\"description\":\"Un equipo de Abogados con m\u00e1s de 25 a\u00f1os de experiencia profesional.\",\"publisher\":{\"@id\":\"https:\/\/gonzalezecrespanavogados.com\/es\/#organization\"},\"potentialAction\":[{\"@type\":\"SearchAction\",\"target\":{\"@type\":\"EntryPoint\",\"urlTemplate\":\"https:\/\/gonzalezecrespanavogados.com\/es\/?s={search_term_string}\"},\"query-input\":{\"@type\":\"PropertyValueSpecification\",\"valueRequired\":true,\"valueName\":\"search_term_string\"}}],\"inLanguage\":\"es\"},{\"@type\":\"Organization\",\"@id\":\"https:\/\/gonzalezecrespanavogados.com\/es\/#organization\",\"name\":\"Gonz\u00e1lez Cresp\u00e1n Avogados\",\"url\":\"https:\/\/gonzalezecrespanavogados.com\/es\/\",\"logo\":{\"@type\":\"ImageObject\",\"inLanguage\":\"es\",\"@id\":\"https:\/\/gonzalezecrespanavogados.com\/es\/#\/schema\/logo\/image\/\",\"url\":\"https:\/\/gonzalezecrespanavogados.com\/wp-content\/uploads\/2024\/11\/logo.png\",\"contentUrl\":\"https:\/\/gonzalezecrespanavogados.com\/wp-content\/uploads\/2024\/11\/logo.png\",\"width\":378,\"height\":222,\"caption\":\"Gonz\u00e1lez Cresp\u00e1n Avogados\"},\"image\":{\"@id\":\"https:\/\/gonzalezecrespanavogados.com\/es\/#\/schema\/logo\/image\/\"}}]}<\/script>\n<!-- \/ Yoast SEO plugin. -->","yoast_head_json":{"title":"Contacto - Gonzalez Crespan Avogados","description":"Resoluci\u00f3n de casos legales con experiencia y confianza. Contacte ahora para una consulta sin compromiso. Estamos aqu\u00ed para ayudarle.","robots":{"index":"index","follow":"follow","max-snippet":"max-snippet:-1","max-image-preview":"max-image-preview:large","max-video-preview":"max-video-preview:-1"},"canonical":"https:\/\/gonzalezecrespanavogados.com\/es\/contacto\/","og_locale":"es_ES","og_type":"article","og_title":"Contacto - Gonzalez Crespan Avogados","og_description":"Resoluci\u00f3n de casos legales con experiencia y confianza. Contacte ahora para una consulta sin compromiso. Estamos aqu\u00ed para ayudarle.","og_url":"https:\/\/gonzalezecrespanavogados.com\/es\/contacto\/","og_site_name":"Gonzalez Crespan Avogados","article_modified_time":"2024-12-05T15:59:36+00:00","og_image":[{"width":1280,"height":850,"url":"https:\/\/gonzalezecrespanavogados.com\/wp-content\/uploads\/2024\/12\/colaboracion.jpg","type":"image\/jpeg"}],"twitter_card":"summary_large_image","schema":{"@context":"https:\/\/schema.org","@graph":[{"@type":"WebPage","@id":"https:\/\/gonzalezecrespanavogados.com\/es\/contacto\/","url":"https:\/\/gonzalezecrespanavogados.com\/es\/contacto\/","name":"Contacto - Gonzalez Crespan Avogados","isPartOf":{"@id":"https:\/\/gonzalezecrespanavogados.com\/es\/#website"},"datePublished":"2024-11-11T16:44:20+00:00","dateModified":"2024-12-05T15:59:36+00:00","description":"Resoluci\u00f3n de casos legales con experiencia y confianza. Contacte ahora para una consulta sin compromiso. Estamos aqu\u00ed para ayudarle.","breadcrumb":{"@id":"https:\/\/gonzalezecrespanavogados.com\/es\/contacto\/#breadcrumb"},"inLanguage":"es","potentialAction":[{"@type":"ReadAction","target":["https:\/\/gonzalezecrespanavogados.com\/es\/contacto\/"]}]},{"@type":"BreadcrumbList","@id":"https:\/\/gonzalezecrespanavogados.com\/es\/contacto\/#breadcrumb","itemListElement":[{"@type":"ListItem","position":1,"name":"Inicio","item":"https:\/\/gonzalezecrespanavogados.com\/es\/"},{"@type":"ListItem","position":2,"name":"Contacto"}]},{"@type":"WebSite","@id":"https:\/\/gonzalezecrespanavogados.com\/es\/#website","url":"https:\/\/gonzalezecrespanavogados.com\/es\/","name":"Gonz\u00e1lez Cresp\u00e1n Avogados","description":"Un equipo de Abogados con m\u00e1s de 25 a\u00f1os de experiencia profesional.","publisher":{"@id":"https:\/\/gonzalezecrespanavogados.com\/es\/#organization"},"potentialAction":[{"@type":"SearchAction","target":{"@type":"EntryPoint","urlTemplate":"https:\/\/gonzalezecrespanavogados.com\/es\/?s={search_term_string}"},"query-input":{"@type":"PropertyValueSpecification","valueRequired":true,"valueName":"search_term_string"}}],"inLanguage":"es"},{"@type":"Organization","@id":"https:\/\/gonzalezecrespanavogados.com\/es\/#organization","name":"Gonz\u00e1lez Cresp\u00e1n Avogados","url":"https:\/\/gonzalezecrespanavogados.com\/es\/","logo":{"@type":"ImageObject","inLanguage":"es","@id":"https:\/\/gonzalezecrespanavogados.com\/es\/#\/schema\/logo\/image\/","url":"https:\/\/gonzalezecrespanavogados.com\/wp-content\/uploads\/2024\/11\/logo.png","contentUrl":"https:\/\/gonzalezecrespanavogados.com\/wp-content\/uploads\/2024\/11\/logo.png","width":378,"height":222,"caption":"Gonz\u00e1lez Cresp\u00e1n Avogados"},"image":{"@id":"https:\/\/gonzalezecrespanavogados.com\/es\/#\/schema\/logo\/image\/"}}]}},"_links":{"self":[{"href":"https:\/\/gonzalezecrespanavogados.com\/es\/wp-json\/wp\/v2\/pages\/421","targetHints":{"allow":["GET"]}}],"collection":[{"href":"https:\/\/gonzalezecrespanavogados.com\/es\/wp-json\/wp\/v2\/pages"}],"about":[{"href":"https:\/\/gonzalezecrespanavogados.com\/es\/wp-json\/wp\/v2\/types\/page"}],"author":[{"embeddable":true,"href":"https:\/\/gonzalezecrespanavogados.com\/es\/wp-json\/wp\/v2\/users\/1"}],"replies":[{"embeddable":true,"href":"https:\/\/gonzalezecrespanavogados.com\/es\/wp-json\/wp\/v2\/comments?post=421"}],"version-history":[{"count":4,"href":"https:\/\/gonzalezecrespanavogados.com\/es\/wp-json\/wp\/v2\/pages\/421\/revisions"}],"predecessor-version":[{"id":577,"href":"https:\/\/gonzalezecrespanavogados.com\/es\/wp-json\/wp\/v2\/pages\/421\/revisions\/577"}],"wp:attachment":[{"href":"https:\/\/gonzalezecrespanavogados.com\/es\/wp-json\/wp\/v2\/media?parent=421"}],"curies":[{"name":"wp","href":"https:\/\/api.w.org\/{rel}","templated":true}]}}